{"id":490,"date":"2018-08-27T13:09:56","date_gmt":"2018-08-27T13:09:56","guid":{"rendered":"http:\/\/thinkprod.com\/?page_id=490"},"modified":"2026-03-11T18:10:06","modified_gmt":"2026-03-11T18:10:06","slug":"a-propos","status":"publish","type":"page","link":"https:\/\/tourismewendake.ca\/de\/informations\/a-propos\/","title":{"rendered":"\u00c0 propos"},"content":{"rendered":"<p>L\u2019histoire du peuple wendat est tiss\u00e9e dans les champs, les lacs et les montagnes du continent, de la baie Georgienne aux embouchures du Saint-Laurent. Peuple d\u2019agricultrices et de chasseurs, guerriers aguerris et fins diplomates, d\u00e9mocrates et commer\u00e7ants hors pair, les Wendat, d\u00e9nomm\u00e9s les Hurons par les Fran\u00e7ais, se sont m\u00e9rit\u00e9 le respect de tous les peuples fr\u00e9quent\u00e9s dans l\u2019est du pays depuis des si\u00e8cles. Si la pand\u00e9mie amen\u00e9e malgr\u00e9 eux par les Fran\u00e7ais bouleversa notre ancienne civilisation, qui comptait plus de 40 000 individus a l\u2019\u00e9poque de Champlain, le feu du peuple wendat ne fut jamais \u00e9teint.<\/p>\n<p>Fi\u00e8re h\u00e9riti\u00e8re de cette civilisation qui guida la destin\u00e9e de l\u2019Am\u00e9rique du Nord-Est pendant des si\u00e8cles, la communaut\u00e9 s\u2019installe \u00e0 Wendake en 1697, sur un site d\u2019abord connu sous le nom de Roreke. Nich\u00e9 aux abords du canyon de la rivi\u00e8re Akiawenrahk (Saint-Charles), le village est situ\u00e9 en retrait de l\u2019ancienne cit\u00e9 et capitale wendat de Stadacone, devenue Qu\u00e9bec, et donne facilement acc\u00e8s aux territoires de pratique des activit\u00e9s coutumi\u00e8res, le Nionwentsio. Les Wendat y d\u00e9veloppe un milieu de vie dynamique et prosp\u00e8re qui, d\u2019hier \u00e0 aujourd\u2019hui, demeure contemporain et ouvert \u00e0 son environnement, tout en puisant \u00e0 ses racines. Enfants des Donnaconna, Sastaretsi, Hatironta et Kondiaronk, les Wendats vous invitent \u00e0 d\u00e9couvrir l\u2019histoire du pays comme on ne vous l\u2019a jamais cont\u00e9!<\/p>\n<p>L\u2019histoire du peuple wendat est tiss\u00e9e dans les champs, les lacs et les montagnes du continent, de la baie Georgienne aux embouchures du Saint-Laurent. Peuple d\u2019agricultrices et de chasseurs, guerriers aguerris et fins diplomates, d\u00e9mocrates et commer\u00e7ants hors pair, les Wendat, d\u00e9nomm\u00e9s les Hurons par les Fran\u00e7ais, se sont m\u00e9rit\u00e9 le respect de tous les peuples fr\u00e9quent\u00e9s dans l\u2019est du pays depuis des si\u00e8cles. Si la pand\u00e9mie amen\u00e9e malgr\u00e9 eux par les Fran\u00e7ais bouleversa notre ancienne civilisation, qui comptait plus de 40 000 individus a l\u2019\u00e9poque de Champlain, le feu du peuple wendat ne fut jamais \u00e9teint.<\/p>\n<p>Fi\u00e8re h\u00e9riti\u00e8re de cette civilisation qui guida la destin\u00e9e de l\u2019Am\u00e9rique du Nord-Est pendant des si\u00e8cles, la communaut\u00e9 s\u2019installe \u00e0 Wendake en 1697, sur un site d\u2019abord connu sous le nom de Roreke. Nich\u00e9 aux abords du canyon de la rivi\u00e8re Akiawenrahk (Saint-Charles), le village est situ\u00e9 en retrait de l\u2019ancienne cit\u00e9 et capitale wendat de Stadacone, devenue Qu\u00e9bec, et donne facilement acc\u00e8s aux territoires de pratique des activit\u00e9s coutumi\u00e8res, le Nionwentsio. Les Wendat y d\u00e9veloppe un milieu de vie dynamique et prosp\u00e8re qui, d\u2019hier \u00e0 aujourd\u2019hui, demeure contemporain et ouvert \u00e0 son environnement, tout en puisant \u00e0 ses racines. Enfants des Donnaconna, Sastaretsi, Hatironta et Kondiaronk, les Wendats vous invitent \u00e0 d\u00e9couvrir l\u2019histoire du pays comme on ne vous l\u2019a jamais cont\u00e9!<\/p>\n<blockquote>\n<h3>MISSION<\/h3>\n<p>Organisme \u00e0 but non lucratif, en activit\u00e9 depuis ao\u00fbt 2006, Tourisme Wendake a \u00e9t\u00e9 cr\u00e9\u00e9 par le Conseil de la Nation huronne-wendat, dans le but :<\/p>\n<ul>\n<li>De promouvoir le tourisme et toutes activit\u00e9s connexes \u00e0 cette d\u00e9marche;<\/li>\n<li>De poser tous les gestes et de faire toutes les d\u00e9marches en vue d\u2019am\u00e9liorer, en mati\u00e8re de tourisme et de culture, le contexte actuel pr\u00e9valant au sein de la communaut\u00e9 huronne-wendat de Wendake;<\/li>\n<li>De promouvoir la culture autochtone sous toutes ses formes.<\/li>\n<\/ul>\n<p>Tourisme Wendake est situ\u00e9 dans les locaux de l\u2019H\u00f4tel-Mus\u00e9e Premi\u00e8res Nations.<\/p>\n<h3>NATION ANIM\u00c9E QUI VOUS ACCUEILLE!<\/h3>\n<p>Le c\u0153ur des Hurons-Wendat bat au rythme de la chute Kabir Kouba, site naturel d\u2019une rare beaut\u00e9, qui pr\u00e9sente au fil des saisons un spectacle grandiose, sans cesse renouvel\u00e9. Comment s\u2019\u00e9tonner alors que, d\u00e8s 1697, les Hurons-Wendat aient \u00e9tabli, en ce lieu, leur village. Un sentier, qui d\u00e9bute \u00e0 c\u00f4t\u00e9 de Place de la Nation, y donne acc\u00e8s et permet d\u2019entendre le grondement de l\u2019eau jaillissante et de se laisser envo\u00fbter par le d\u00e9cor naturel exceptionnel de ce canyon de 42 m\u00e8tres de profondeur.<\/p>\n<p>Le Vieux-Wendake offre un visage diff\u00e9rent sur le plan de l\u2019am\u00e9nagement et de l\u2019architecture : toutes les maisons sont orient\u00e9es vers le Sud-Est pr\u00e9sentant leur fa\u00e7ade au dos de la maison voisine. Un parcours patrimonial a \u00e9t\u00e9 cr\u00e9\u00e9; il permet aux visiteurs de d\u00e9couvrir ses plus anciennes maisons.<\/p>\n<p>La chapelle Notre-Dame-de-Lorette est certes \u00ab le \u00bb joyau du Vieux-Wendake. Reconstruite quelques ann\u00e9es apr\u00e8s l\u2019incendie de 1862 selon les plans et l\u2019architecture de la premi\u00e8re \u00e9glise de 1730, elle renferme des tr\u00e9sors qui rappellent la foi de la communaut\u00e9 chr\u00e9tienne de Wendake, encore bien vivante de nos jours.<\/p>\n<p>La maison Aro\u00fcanne et la maison Tsawenhohi, par leur architecture, t\u00e9moignent, \u00e0 leur fa\u00e7on, de l\u2019adaptation de la Nation huronne-wendat \u00e0 un mode de vie diff\u00e9rent de celui des premiers habitants.<\/p>\n<p>De tout temps, les Hurons-Wendat furent de bons artisans et grands commer\u00e7ants. La tradition se poursuit encore aujourd\u2019hui. Ils vous accueilleront avec plaisir dans leurs commerces de mocassins, de raquettes, de cuir et autres. Le sens de l\u2019accueil des Hurons-Wendat est l\u00e9gendaire.<\/p>\n<p>Le Site traditionnel \u00ab Onho\u00fca? Chetk8e \u00bb et le Mus\u00e9e huron-wendat, vous feront d\u00e9couvrir le mode de vie et l\u2019histoire des Hurons d\u2019hier \u00e0 aujourd\u2019hui.<\/p>\n<p>Faites une exp\u00e9rience gastronomique dans certains restaurants qui vous offriront des mets pr\u00e9par\u00e9s avec des viandes de gibier et les trois s\u0153urs (ma\u00efs, courge et haricots), l\u00e9gumes \u00e0 la base de l\u2019alimentation huronne traditionnelle, accompagn\u00e9s de banique.<\/p><\/blockquote>\n","protected":false},"excerpt":{"rendered":"<p>L\u2019histoire du peuple wendat est tiss\u00e9e dans les champs, les lacs et les montagnes du continent,[&#8230;]<\/p>\n","protected":false},"author":1,"featured_media":0,"parent":488,"menu_order":25,"comment_status":"closed","ping_status":"closed","template":"","meta":{"footnotes":""},"class_list":["post-490","page","type-page","status-publish","hentry"],"_links":{"self":[{"href":"https:\/\/tourismewendake.ca\/de\/wp-json\/wp\/v2\/pages\/490","targetHints":{"allow":["GET"]}}],"collection":[{"href":"https:\/\/tourismewendake.ca\/de\/wp-json\/wp\/v2\/pages"}],"about":[{"href":"https:\/\/tourismewendake.ca\/de\/wp-json\/wp\/v2\/types\/page"}],"author":[{"embeddable":true,"href":"https:\/\/tourismewendake.ca\/de\/wp-json\/wp\/v2\/users\/1"}],"replies":[{"embeddable":true,"href":"https:\/\/tourismewendake.ca\/de\/wp-json\/wp\/v2\/comments?post=490"}],"version-history":[{"count":4,"href":"https:\/\/tourismewendake.ca\/de\/wp-json\/wp\/v2\/pages\/490\/revisions"}],"predecessor-version":[{"id":1450,"href":"https:\/\/tourismewendake.ca\/de\/wp-json\/wp\/v2\/pages\/490\/revisions\/1450"}],"up":[{"embeddable":true,"href":"https:\/\/tourismewendake.ca\/de\/wp-json\/wp\/v2\/pages\/488"}],"wp:attachment":[{"href":"https:\/\/tourismewendake.ca\/de\/wp-json\/wp\/v2\/media?parent=490"}],"curies":[{"name":"wp","href":"https:\/\/api.w.org\/{rel}","templated":true}]}}