{"id":514,"date":"2018-08-28T15:13:31","date_gmt":"2018-08-28T15:13:31","guid":{"rendered":"http:\/\/thinkprod.com\/?page_id=514"},"modified":"2019-02-26T16:44:18","modified_gmt":"2019-02-26T16:44:18","slug":"plan-du-site","status":"publish","type":"page","link":"https:\/\/tourismewendake.ca\/de\/informations\/plan-du-site\/","title":{"rendered":"Plan du site"},"content":{"rendered":"<div class=\"wsp-container\"><h2 class=\"wsp-pages-title\">Pages<\/h2>\n<ul class=\"wsp-pages-list\">\n<li class=\"page_item page-item-30\"><a href=\"https:\/\/tourismewendake.ca\/de\/\">Accueil<\/a><\/li>\n<li class=\"page_item page-item-7258\"><a href=\"https:\/\/tourismewendake.ca\/de\/services\/\">Services<\/a><\/li>\n<li class=\"page_item page-item-7266\"><a href=\"https:\/\/tourismewendake.ca\/de\/forfaits\/\">Forfaits<\/a><\/li>\n<li class=\"page_item page-item-11\"><a href=\"https:\/\/tourismewendake.ca\/de\/activites\/\">Activit\u00e9s<\/a><\/li>\n<li class=\"page_item page-item-15\"><a href=\"https:\/\/tourismewendake.ca\/de\/restaurants\/\">Restaurants<\/a><\/li>\n<li class=\"page_item page-item-13\"><a href=\"https:\/\/tourismewendake.ca\/de\/hebergements\/\">H\u00e9bergements<\/a><\/li>\n<li class=\"page_item page-item-17\"><a href=\"https:\/\/tourismewendake.ca\/de\/boutiques\/\">Boutiques<\/a><\/li>\n<li class=\"page_item page-item-488 page_item_has_children\"><a href=\"https:\/\/tourismewendake.ca\/de\/informations\/\">Informations<\/a>\n<ul class='children'>\n\t<li class=\"page_item page-item-7372\"><a href=\"https:\/\/tourismewendake.ca\/de\/informations\/partenaires\/\">Partenaires<\/a><\/li>\n\t<li class=\"page_item page-item-7357\"><a href=\"https:\/\/tourismewendake.ca\/de\/informations\/location-evenement\/\">Location \/ \u00c9v\u00e9nement<\/a><\/li>\n\t<li class=\"page_item page-item-7322\"><a href=\"https:\/\/tourismewendake.ca\/de\/informations\/nous-joindre\/\">Nous joindre<\/a><\/li>\n\t<li class=\"page_item page-item-8\"><a href=\"https:\/\/tourismewendake.ca\/de\/informations\/emplois\/\">Emplois<\/a><\/li>\n\t<li class=\"page_item page-item-136\"><a href=\"https:\/\/tourismewendake.ca\/de\/informations\/salle-de-presse\/\">Salle de presse<\/a><\/li>\n\t<li class=\"page_item page-item-498\"><a href=\"https:\/\/tourismewendake.ca\/de\/informations\/transport\/\">Transport<\/a><\/li>\n\t<li class=\"page_item page-item-490\"><a href=\"https:\/\/tourismewendake.ca\/de\/informations\/a-propos\/\">\u00c0 propos<\/a><\/li>\n\t<li class=\"page_item page-item-514\"><a href=\"https:\/\/tourismewendake.ca\/de\/informations\/plan-du-site\/\">Plan du site<\/a><\/li>\n\t<li class=\"page_item page-item-500\"><a href=\"https:\/\/tourismewendake.ca\/de\/informations\/services\/\">Services<\/a><\/li>\n\t<li class=\"page_item page-item-3\"><a href=\"https:\/\/tourismewendake.ca\/de\/informations\/politique-de-confidentialite\/\">Notice l\u00e9gale<\/a><\/li>\n<\/ul>\n<\/li>\n<li class=\"page_item page-item-19 page_item_has_children\"><a href=\"https:\/\/tourismewendake.ca\/de\/pow-wow\/\">Pow Wow<\/a>\n<ul class='children'>\n\t<li class=\"page_item page-item-1141\"><a href=\"https:\/\/tourismewendake.ca\/de\/pow-wow\/quest-ce-quun-pow-wow\/\">Qu&#8217;est-ce qu&#8217;un Pow Wow<\/a><\/li>\n\t<li class=\"page_item page-item-1258\"><a href=\"https:\/\/tourismewendake.ca\/de\/pow-wow\/nos-partenaires\/\">Nos partenaires<\/a><\/li>\n\t<li class=\"page_item page-item-1238\"><a href=\"https:\/\/tourismewendake.ca\/de\/pow-wow\/information-pratique\/\">Information pratique<\/a><\/li>\n\t<li class=\"page_item page-item-1223\"><a href=\"https:\/\/tourismewendake.ca\/de\/pow-wow\/reglements-du-site\/\">R\u00e8glements du site<\/a><\/li>\n\t<li class=\"page_item page-item-1222\"><a href=\"https:\/\/tourismewendake.ca\/de\/pow-wow\/plan-du-site\/\">Plan du site<\/a><\/li>\n\t<li class=\"page_item page-item-1210\"><a href=\"https:\/\/tourismewendake.ca\/de\/pow-wow\/benevoles\/\">B\u00e9n\u00e9voles<\/a><\/li>\n\t<li class=\"page_item page-item-1197\"><a href=\"https:\/\/tourismewendake.ca\/de\/pow-wow\/prix-des-gagnants\/\">Prix des gagnants<\/a><\/li>\n\t<li class=\"page_item page-item-1155\"><a href=\"https:\/\/tourismewendake.ca\/de\/pow-wow\/programmation\/\">Programmation<\/a><\/li>\n\t<li class=\"page_item page-item-1169\"><a href=\"https:\/\/tourismewendake.ca\/de\/pow-wow\/navette-pow-wow\/\">Navette Pow Wow<\/a><\/li>\n\t<li class=\"page_item page-item-1181\"><a href=\"https:\/\/tourismewendake.ca\/de\/pow-wow\/danses-traditionnelles\/\">Danses traditionnelles<\/a><\/li>\n<\/ul>\n<\/li>\n<li class=\"page_item page-item-1291\"><a href=\"https:\/\/tourismewendake.ca\/de\/quebecissime\/\">Qu\u00e9becissime<\/a><\/li>\n<li class=\"page_item page-item-112\"><a href=\"https:\/\/tourismewendake.ca\/de\/carte-des-activites\/\">Carte des activit\u00e9s<\/a><\/li>\n<\/ul>\n<h2 class=\"wsp-posts-title\">Posts by category<\/h2>\n<ul class=\"wsp-posts-list\">\n\t<li><strong class=\"wsp-category-title\">Category: <a href=\"https:\/\/tourismewendake.ca\/de\/category\/recents\/\">R\u00e9cents<\/a><\/strong>\n<ul class=\"wsp-posts-list\">\t\t<li class=\"wsp-post\"><a href=\"https:\/\/tourismewendake.ca\/de\/2018\/07\/18\/et-encore-un-autre\/\">Et encore un autre<\/a><\/li>\n\t\t<li class=\"wsp-post\"><a href=\"https:\/\/tourismewendake.ca\/de\/2018\/07\/18\/forfait-encore-du-nouveau\/\">Forfait encore, du nouveau!<\/a><\/li>\n\t\t<li class=\"wsp-post\"><a href=\"https:\/\/tourismewendake.ca\/de\/2018\/07\/18\/un-autre-forfait\/\">Un autre forfait<\/a><\/li>\n\t\t<li class=\"wsp-post\"><a href=\"https:\/\/tourismewendake.ca\/de\/2018\/07\/18\/nouveau-forfait-disponible\/\">Nouveau forfait disponible<\/a><\/li>\n\t\t<li class=\"wsp-post\"><a href=\"https:\/\/tourismewendake.ca\/de\/2018\/07\/11\/bonjour-tout-le-monde\/\">Bonjour tout le monde\u00a0!<\/a><\/li>\n<\/ul><\/li>\n<\/ul>\n<h2 class=\"wsp-activitiess-title\">Aktivit\u00e4ten<\/h2>\n<ul class=\"wsp-activitiess-list\">\n<li><a href=\"https:\/\/tourismewendake.ca\/de\/activite\/club-de-golf-lorette-copy\/\">Atelier de collier traditionnel<\/a><\/li>\n<li><a href=\"https:\/\/tourismewendake.ca\/de\/activite\/club-de-golf-lorette\/\">Club de golf Lorette<\/a><\/li>\n<li><a href=\"https:\/\/tourismewendake.ca\/de\/activite\/canots-legare\/\">Canots L\u00e9gar\u00e9<\/a><\/li>\n<li><a href=\"https:\/\/tourismewendake.ca\/de\/activite\/chute-de-la-riviere-akiawenrak-belvedere\/\">Chute Kabir Kouba de la rivi\u00e8re Akiawenrahk<\/a><\/li>\n<li><a href=\"https:\/\/tourismewendake.ca\/de\/activite\/corridor-des-cheminots\/\">Corridor des cheminots<\/a><\/li>\n<li><a href=\"https:\/\/tourismewendake.ca\/de\/activite\/eglise-historique-notre-dame-de-lorette\/\">\u00c9glise historique Notre-Dame-de-Lorette<\/a><\/li>\n<li><a href=\"https:\/\/tourismewendake.ca\/de\/activite\/fresque-du-peuple-wendat\/\">Fresque du peuple Wendat<\/a><\/li>\n<li><a href=\"https:\/\/tourismewendake.ca\/de\/activite\/maison-longue\/\">Maison longue nationale Ekionkiestha'<\/a><\/li>\n<li><a href=\"https:\/\/tourismewendake.ca\/de\/activite\/maison-tsawenhohi\/\">Maison Tsawenhohi'<\/a><\/li>\n<li><a href=\"https:\/\/tourismewendake.ca\/de\/activite\/musee-huron-wendat\/\">Muse\u0301e huron-wendat<\/a><\/li>\n<li><a href=\"https:\/\/tourismewendake.ca\/de\/activite\/mythes-et-legendes\/\">Mythes et l\u00e9gendes<\/a><\/li>\n<li><a href=\"https:\/\/tourismewendake.ca\/de\/activite\/nation-sante-spa\/\">Nation Sant\u00e9 Spa<\/a><\/li>\n<li><a href=\"https:\/\/tourismewendake.ca\/de\/activite\/parc-lineaire-de-la-riviere-saint-charles\/\">Parc line\u0301aire de la Rivie\u0300re-Saint-Charles<\/a><\/li>\n<li><a href=\"https:\/\/tourismewendake.ca\/de\/activite\/place-onywahtehretsih\/\">Place Onywahtehretsih<\/a><\/li>\n<li><a href=\"https:\/\/tourismewendake.ca\/de\/activite\/secteur-tourilli\/\">Secteur Tourilli<\/a><\/li>\n<li><a href=\"https:\/\/tourismewendake.ca\/de\/activite\/site-traditionnel-huron-onhou%cc%88e-chetek8e\/\">Site traditionnel huron Onhou\u0308a Chetek8e<\/a><\/li>\n<li><a href=\"https:\/\/tourismewendake.ca\/de\/activite\/le-trace-des-mocassins\/\">Le trace\u0301 des mocassins<\/a><\/li>\n<li><a href=\"https:\/\/tourismewendake.ca\/de\/activite\/le-trace-des-pattes-dours\/\">Le trace\u0301 des pattes d'ours<\/a><\/li>\n<\/ul>\n<h2 class=\"wsp-lodgingss-title\">Unterk\u00fcnfte<\/h2>\n<ul class=\"wsp-lodgingss-list\">\n<li><a href=\"https:\/\/tourismewendake.ca\/de\/hebergement\/maison-longue\/\">Maison longue nationale Ekionkiestha'<\/a><\/li>\n<li><a href=\"https:\/\/tourismewendake.ca\/de\/hebergement\/hotel-musee-premieres-nations\/\">H\u00f4tel-Mus\u00e9e Premi\u00e8res Nations<\/a><\/li>\n<\/ul>\n<h2 class=\"wsp-restaurantss-title\">Restaurants<\/h2>\n<ul class=\"wsp-restaurantss-list\">\n<li><a href=\"https:\/\/tourismewendake.ca\/de\/restaurant\/casse-croute-lusine-a-frites\/\">Casse Croute l'Usine \u00e0 Frites<\/a><\/li>\n<li><a href=\"https:\/\/tourismewendake.ca\/de\/restaurant\/restaurant-la-traite\/\">Restaurant La Traite<\/a><\/li>\n<li><a href=\"https:\/\/tourismewendake.ca\/de\/restaurant\/restaurant-nek8arre\/\">Restaurant Nek8arre<\/a><\/li>\n<li><a href=\"https:\/\/tourismewendake.ca\/de\/restaurant\/restaurant-sagamite\/\">Restaurant Sagamit\u00e9<\/a><\/li>\n<li><a href=\"https:\/\/tourismewendake.ca\/de\/restaurant\/restaurant-yahwatsira\/\">Restaurant Yahwatsira<\/a><\/li>\n<li><a href=\"https:\/\/tourismewendake.ca\/de\/restaurant\/resto-ecole-le-piolet\/\">Resto-\u00c9cole Le Piolet<\/a><\/li>\n<\/ul>\n<h2 class=\"wsp-shopss-title\">Gesch\u00e4fte<\/h2>\n<ul class=\"wsp-shopss-list\">\n<li><a href=\"https:\/\/tourismewendake.ca\/de\/boutique\/poteries-line-gros-louis\/\">Poteries Line Gros-Louis<\/a><\/li>\n<li><a href=\"https:\/\/tourismewendake.ca\/de\/boutique\/boutique-de-lho%cc%82tel-musee\/\">Boutique de l'H\u00f4tel-Mus\u00e9e Premi\u00e8res Nations<\/a><\/li>\n<li><a href=\"https:\/\/tourismewendake.ca\/de\/boutique\/boutique-du-musee\/\">Boutique du Mus\u00e9e huron-wendat<\/a><\/li>\n<li><a href=\"https:\/\/tourismewendake.ca\/de\/boutique\/boutique-le-huron\/\">Boutique Le Huron<\/a><\/li>\n<li><a href=\"https:\/\/tourismewendake.ca\/de\/boutique\/le-petit-huron-moc\/\">Le Petit Huron Moc<\/a><\/li>\n<li><a href=\"https:\/\/tourismewendake.ca\/de\/boutique\/librairie-hannenorak\/\">Librairie Hannenorak<\/a><\/li>\n<li><a href=\"https:\/\/tourismewendake.ca\/de\/boutique\/raquettes-et-artisanat-gros-louis\/\">Raquettes et artisanat Gros-Louis<\/a><\/li>\n<\/ul>\n<h2 class=\"wsp-packagess-title\">Pauschalen<\/h2>\n<ul class=\"wsp-packagess-list\">\n<li><a href=\"https:\/\/tourismewendake.ca\/de\/forfait\/forfait-midi-typique\/\">Forfait ''Midi typique''<\/a><\/li>\n<li><a href=\"https:\/\/tourismewendake.ca\/de\/forfait\/visite-commentee-du-musee\/\">Visite comment\u00e9e<\/a><\/li>\n<li><a href=\"https:\/\/tourismewendake.ca\/de\/forfait\/forfait-decouverte-haute-saison\/\">Forfait D\u00e9couverte<\/a><\/li>\n<li><a href=\"https:\/\/tourismewendake.ca\/de\/forfait\/forfait-decouverte-haute-saison-copy\/\">Nuit\u00e9e en maison longue<\/a><\/li>\n<li><a href=\"https:\/\/tourismewendake.ca\/de\/forfait\/forfait-yiheh-bienvenue-copy\/\">Forfait \"Couette et caf\u00e9\"<\/a><\/li>\n<li><a href=\"https:\/\/tourismewendake.ca\/de\/forfait\/forfait-yiheh-bienvenue-copy-copy-copy-copy-copy\/\">Forfait \"Coup de foudre\"<\/a><\/li>\n<li><a href=\"https:\/\/tourismewendake.ca\/de\/forfait\/forfait-yiheh-bienvenue-copy-copy-copy-copy-copy-2-copy\/\">Forfait \"D\u00e9couverte gastronomique\"<\/a><\/li>\n<li><a href=\"https:\/\/tourismewendake.ca\/de\/forfait\/forfait-tomahawk\/\">Forfait Enti\u00efo! (magnifique journ\u00e9e)<\/a><\/li>\n<li><a href=\"https:\/\/tourismewendake.ca\/de\/forfait\/forfait-yiheh-bienvenue-copy-copy\/\">Forfait \"Exp\u00e9rience Wendat\"<\/a><\/li>\n<li><a href=\"https:\/\/tourismewendake.ca\/de\/forfait\/forfait-yiheh-bienvenue-copy-copy-copy-copy\/\">Forfait \"Huron-Wendat\"<\/a><\/li>\n<li><a href=\"https:\/\/tourismewendake.ca\/de\/forfait\/forfait-tomahawk-copy\/\">Forfait Kahahchia' (wow)<\/a><\/li>\n<li><a href=\"https:\/\/tourismewendake.ca\/de\/forfait\/forfait-yiheh-bienvenue-copy-copy-copy-copy-copy-2\/\">Forfait \"Partage\"<\/a><\/li>\n<li><a href=\"https:\/\/tourismewendake.ca\/de\/forfait\/forfait-yiheh-bienvenue-copy-copy-copy\/\">Forfait \"Premi\u00e8res Nations\"<\/a><\/li>\n<li><a href=\"https:\/\/tourismewendake.ca\/de\/forfait\/forfait-raquette-en-nature\/\">Forfait raquette en nature<\/a><\/li>\n<li><a href=\"https:\/\/tourismewendake.ca\/de\/forfait\/forfait-yiheh-bienvenue-copy-copy-copy-copy-copy-2-copy-copy\/\">Forfait \"Saveurs Wendat\"<\/a><\/li>\n<li><a href=\"https:\/\/tourismewendake.ca\/de\/forfait\/forfait-yandata-village\/\">Forfait Y\u00e4ndata\u2019 (village)<\/a><\/li>\n<li><a href=\"https:\/\/tourismewendake.ca\/de\/forfait\/forfait-yiheh-bienvenue\/\">Forfait Yiheh! (bienvenue)<\/a><\/li>\n<\/ul>\n<h2 class=\"wsp-servicess-title\">Services<\/h2>\n<ul class=\"wsp-servicess-list\">\n<li><a href=\"https:\/\/tourismewendake.ca\/de\/service\/artisans-indiens-du-quebec\/\">Artisans indiens du Qu\u00e9bec<\/a><\/li>\n<li><a href=\"https:\/\/tourismewendake.ca\/de\/service\/ville-de-quebec\/\">Association des plus beaux villages du Qu\u00e9bec<\/a><\/li>\n<li><a href=\"https:\/\/tourismewendake.ca\/de\/service\/pharmacie-uniprix\/\">PHARMACIE UNIPRIX<\/a><\/li>\n<li><a href=\"https:\/\/tourismewendake.ca\/de\/service\/tourisme-autochtone-quebec\/\">TOURISME AUTOCHTONE QU\u00c9BEC<\/a><\/li>\n<li><a href=\"https:\/\/tourismewendake.ca\/de\/service\/station-service-eko\/\">STATION SERVICE EKO<\/a><\/li>\n<li><a href=\"https:\/\/tourismewendake.ca\/de\/service\/societe-de-credit-commercial-autochtone\/\">SOCI\u00c9T\u00c9 DE CR\u00c9DIT COMMERCIAL AUTOCHTONE<\/a><\/li>\n<li><a href=\"https:\/\/tourismewendake.ca\/de\/service\/reprocite\/\">REPROCIT\u00c9<\/a><\/li>\n<li><a href=\"https:\/\/tourismewendake.ca\/de\/service\/rba-groupe-financier\/\">RBA GROUPE FINANCIER<\/a><\/li>\n<li><a href=\"https:\/\/tourismewendake.ca\/de\/service\/jelbe\/\">JELB\u00c9<\/a><\/li>\n<li><a href=\"https:\/\/tourismewendake.ca\/de\/service\/investissement-premieres-nations-du-quebec\/\">INVESTISSEMENT PREMI\u00c8RES NATIONS DU QU\u00c9BEC<\/a><\/li>\n<li><a href=\"https:\/\/tourismewendake.ca\/de\/service\/expair-ca\/\">EXPAIR.CA<\/a><\/li>\n<li><a href=\"https:\/\/tourismewendake.ca\/de\/service\/caisse-desjardins-de-wendake\/\">CAISSE DESJARDINS DE WENDAKE<\/a><\/li>\n<li><a href=\"https:\/\/tourismewendake.ca\/de\/service\/association-touristique-du-nunavik\/\">ASSOCIATION TOURISTIQUE DU NUNAVIK<\/a><\/li>\n<\/ul>\n<h2 class=\"wsp-activity_types-title\">Activity types<\/h2>\n<ul class=\"wsp-activity_types-list\">\n<li><a href=\"https:\/\/tourismewendake.ca\/de\/activity_type\/culture\/\">Culture<\/a><\/li>\n<li><a href=\"https:\/\/tourismewendake.ca\/de\/activity_type\/divertissement\/\">Divertissement<\/a><\/li>\n<li><a href=\"https:\/\/tourismewendake.ca\/de\/activity_type\/famille\/\">Famille<\/a><\/li>\n<li><a href=\"https:\/\/tourismewendake.ca\/de\/activity_type\/plein-air\/\">Plein air<\/a><\/li>\n<\/ul>\n<h2 class=\"wsp-package_types-title\">Package types<\/h2>\n<ul class=\"wsp-package_types-list\">\n<li><a href=\"https:\/\/tourismewendake.ca\/de\/package_type\/defaut\/\">D\u00e9faut<\/a><\/li>\n<\/ul>\n<\/div>\n","protected":false},"excerpt":{"rendered":"","protected":false},"author":1,"featured_media":0,"parent":488,"menu_order":28,"comment_status":"closed","ping_status":"closed","template":"","meta":{"footnotes":""},"class_list":["post-514","page","type-page","status-publish","hentry"],"_links":{"self":[{"href":"https:\/\/tourismewendake.ca\/de\/wp-json\/wp\/v2\/pages\/514","targetHints":{"allow":["GET"]}}],"collection":[{"href":"https:\/\/tourismewendake.ca\/de\/wp-json\/wp\/v2\/pages"}],"about":[{"href":"https:\/\/tourismewendake.ca\/de\/wp-json\/wp\/v2\/types\/page"}],"author":[{"embeddable":true,"href":"https:\/\/tourismewendake.ca\/de\/wp-json\/wp\/v2\/users\/1"}],"replies":[{"embeddable":true,"href":"https:\/\/tourismewendake.ca\/de\/wp-json\/wp\/v2\/comments?post=514"}],"version-history":[{"count":1,"href":"https:\/\/tourismewendake.ca\/de\/wp-json\/wp\/v2\/pages\/514\/revisions"}],"predecessor-version":[{"id":515,"href":"https:\/\/tourismewendake.ca\/de\/wp-json\/wp\/v2\/pages\/514\/revisions\/515"}],"up":[{"embeddable":true,"href":"https:\/\/tourismewendake.ca\/de\/wp-json\/wp\/v2\/pages\/488"}],"wp:attachment":[{"href":"https:\/\/tourismewendake.ca\/de\/wp-json\/wp\/v2\/media?parent=514"}],"curies":[{"name":"wp","href":"https:\/\/api.w.org\/{rel}","templated":true}]}}