{"id":7372,"date":"2020-06-29T16:17:51","date_gmt":"2020-06-29T16:17:51","guid":{"rendered":"https:\/\/tourismewendake.com\/?page_id=7372"},"modified":"2020-06-29T18:46:30","modified_gmt":"2020-06-29T18:46:30","slug":"partenaires","status":"publish","type":"page","link":"https:\/\/tourismewendake.ca\/de\/informations\/partenaires\/","title":{"rendered":"Partenaires"},"content":{"rendered":"<h2>MERCI \u00c0 NOS PARTENAIRES !<\/h2>\n<p>A\u00e9roport de Qu\u00e9bec YQB<\/p>\n<p>Association touristique autochtone du Canada<\/p>\n<p>Gouvernement du Canada<\/p>\n<p>Gouvernement du Qu\u00e9bec<\/p>\n<p>Nation huronne-wendat<\/p>\n<p>Port du Qu\u00e9bec<\/p>\n<p>Qu\u00e9bec Origine<\/p>\n<p>Tourisme autochtone Qu\u00e9bec<\/p>\n","protected":false},"excerpt":{"rendered":"<p>MERCI \u00c0 NOS PARTENAIRES ! A\u00e9roport de Qu\u00e9bec YQB Association touristique autochtone du Canada Gouvernement du[&#8230;]<\/p>\n","protected":false},"author":1,"featured_media":7377,"parent":488,"menu_order":0,"comment_status":"closed","ping_status":"closed","template":"","meta":{"footnotes":""},"class_list":["post-7372","page","type-page","status-publish","has-post-thumbnail","hentry"],"_links":{"self":[{"href":"https:\/\/tourismewendake.ca\/de\/wp-json\/wp\/v2\/pages\/7372","targetHints":{"allow":["GET"]}}],"collection":[{"href":"https:\/\/tourismewendake.ca\/de\/wp-json\/wp\/v2\/pages"}],"about":[{"href":"https:\/\/tourismewendake.ca\/de\/wp-json\/wp\/v2\/types\/page"}],"author":[{"embeddable":true,"href":"https:\/\/tourismewendake.ca\/de\/wp-json\/wp\/v2\/users\/1"}],"replies":[{"embeddable":true,"href":"https:\/\/tourismewendake.ca\/de\/wp-json\/wp\/v2\/comments?post=7372"}],"version-history":[{"count":3,"href":"https:\/\/tourismewendake.ca\/de\/wp-json\/wp\/v2\/pages\/7372\/revisions"}],"predecessor-version":[{"id":7381,"href":"https:\/\/tourismewendake.ca\/de\/wp-json\/wp\/v2\/pages\/7372\/revisions\/7381"}],"up":[{"embeddable":true,"href":"https:\/\/tourismewendake.ca\/de\/wp-json\/wp\/v2\/pages\/488"}],"wp:featuredmedia":[{"embeddable":true,"href":"https:\/\/tourismewendake.ca\/de\/wp-json\/wp\/v2\/media\/7377"}],"wp:attachment":[{"href":"https:\/\/tourismewendake.ca\/de\/wp-json\/wp\/v2\/media?parent=7372"}],"curies":[{"name":"wp","href":"https:\/\/api.w.org\/{rel}","templated":true}]}}