{"id":342,"date":"2020-08-21T14:33:28","date_gmt":"2020-08-21T14:33:28","guid":{"rendered":"https:\/\/thinkprod.com\/en\/?page_id=342"},"modified":"2026-04-08T17:32:48","modified_gmt":"2026-04-08T17:32:48","slug":"booking","status":"publish","type":"page","link":"https:\/\/tourismewendake.ca\/en\/infos\/booking\/","title":{"rendered":"Room rental"},"content":{"rendered":"<div class=\"fsn-row full-width-row fsn-69d7e16117b59 light\" style=\"background-repeat:repeat;background-position:left top;background-attachment:scroll;background-size:auto;\"><div class=\"container\"><div class=\"row\"><div class=\"col-sm-4\"><div class=\"fsn-column-inner fsn-69d7e16117bbf light\"><\/div><\/div><div class=\"col-sm-8\"><div class=\"fsn-column-inner fsn-69d7e16117c14 light\"><div class=\"fsn-text fsn-69d7e16117c40\">\n<h2 class=\"p1\"><span class=\"s1\">Rent Sagamit\u00e9 venue<\/span><\/h2>\n<p>The Sagamit\u00e9 restaurant has three venues available for booking. These can be reserved for various uses, such as a dining room or a conference room. They can accommodate 12, 50, or up to 80 people.<\/p>\n<p>Information<br \/>\nDewatha Gros-Louis<br \/>\ndgroslouis@sagamite.com<\/p>\n<p>&nbsp;<\/p>\n<p>&nbsp;<\/p>\n<\/div><\/div><\/div><\/div><\/div><\/div><div class=\"fsn-row full-width-row fsn-69d7e16117c4f light\" style=\"background-repeat:repeat;background-position:left top;background-attachment:scroll;background-size:auto;\"><div class=\"container\"><div class=\"row\"><div class=\"col-sm-4\"><div class=\"fsn-column-inner fsn-69d7e16117c70 light\"><div class=\"fsn-image fsn-69d7e161181d0 align-none\"><img decoding=\"async\" src=\"https:\/\/tourismewendake.ca\/en\/wp-content\/uploads\/2019\/12\/HMPN-ICONE-\u00e9t\u00e9.jpg\" width=\"480\" height=\"398\" alt=\"\" class=\"img-responsive img-default\" loading=\"lazy\"><\/div><\/div><\/div><div class=\"col-sm-8\"><div class=\"fsn-column-inner fsn-69d7e161181e7 light\"><div class=\"fsn-text fsn-69d7e16118203\">\n<h2 class=\"p1\"><span class=\"s1\">H\u00f4tel-Mus\u00e9e Premi\u00e8res Nations<\/span><\/h2>\n<p class=\"p1\"><span class=\"s1\">MEETINGS &amp; CONFERENCES<\/span><\/p>\n<p>You are organizing an unforgettable event in Quebec and looking for an exceptional place ? Treat yourself to a unique place that combines tradition and modernity. We have several meeting rooms that can accommodate up to 220 people. Different packages are offered to discover the gastronomy and culture of the hotel.<\/p>\n<p>Informations<br \/>\n<span data-teams=\"true\">Isabelle Therrien<br \/>\n418-847-0624 poste 2015<br \/>\n<a id=\"menura8\" class=\"fui-Link ___1q1shib f2hkw1w f3rmtva f1ewtqcl fyind8e f1k6fduh f1w7gpdv fk6fouc fjoy568 figsok6 f1s184ao f1mk8lai fnbmjn9 f1o700av f13mvf36 f1cmlufx f9n3di6 f1ids18y f1tx3yz7 f1deo86v f1eh06m1 f1iescvh fhgqx19 f1olyrje f1p93eir f1nev41a f1h8hb77 f1lqvz6u f10aw75t fsle3fq f17ae5zn\" title=\"mailto:itherrien@hmpn.ca\" href=\"mailto:itherrien@hmpn.ca\" target=\"_blank\" rel=\"noreferrer noopener\" aria-label=\"Lien itherrien@hmpn.ca\">itherrien@hmpn.ca<\/a><\/span><\/p>\n<p>&nbsp;<\/p>\n<p>&nbsp;<\/p>\n<\/div><\/div><\/div><\/div><\/div><\/div><div class=\"fsn-row full-width-row fsn-69d7e16118212 light\" style=\"background-repeat:repeat;background-position:left top;background-attachment:scroll;background-size:auto;\"><div class=\"container\"><div class=\"row\"><div class=\"col-sm-4\"><div class=\"fsn-column-inner fsn-69d7e16118233 light\"><div class=\"fsn-image fsn-69d7e161186bd align-none\"><img decoding=\"async\" src=\"https:\/\/tourismewendake.ca\/en\/wp-content\/uploads\/2021\/01\/Jessika-Robitaille-credit-photo-3-960x640.jpg\" width=\"960\" height=\"640\" alt=\"\" class=\"img-responsive img-default\" loading=\"lazy\"><\/div><div class=\"fsn-image fsn-69d7e16118ae1 align-none\"><img decoding=\"async\" src=\"https:\/\/tourismewendake.ca\/en\/wp-content\/uploads\/2021\/01\/28423053_1674862555935924_5922153835949157477_o-960x640.jpg\" width=\"960\" height=\"640\" alt=\"\" class=\"img-responsive img-default\" loading=\"lazy\"><\/div><\/div><\/div><div class=\"col-sm-8\"><div class=\"fsn-column-inner fsn-69d7e16118af5 light\"><div class=\"fsn-text fsn-69d7e16118b11\">\n<h2>Weddings<\/h2>\n<p><em>A wedding at the H\u00f4tel-Mus\u00e9e Premi\u00e8res Natiosn, where encounters of the others make all the sense..<\/em><\/p>\n<p>Whether for a ceremony, a cocktail, for your photos or the reception, several areas are available either inside and outside:<\/p>\n<ul>\n<li>Museum Terrace<\/li>\n<li>Restaurant Terrace<\/li>\n<li>The Palisades of the Longhouse<\/li>\n<li>Huron-Wendat Museum<\/li>\n<li>Wendake Room<\/li>\n<\/ul>\n<p>Information<br \/>\n<span data-teams=\"true\">M\u00e9lissa L\u00e9vesque<br \/>\n<\/span><a href=\"mailto:mlevesque@hmpn.ca\"><span data-teams=\"true\">mlevesque@hmpn.ca<\/span><\/a><\/p>\n<\/div><\/div><\/div><\/div><\/div><\/div><div class=\"fsn-row full-width-row fsn-69d7e16118b20 light\" style=\"background-repeat:repeat;background-position:left top;background-attachment:scroll;background-size:auto;\"><div class=\"container\"><div class=\"row\"><div class=\"col-sm-4\"><div class=\"fsn-column-inner fsn-69d7e16118b40 light\"><div class=\"fsn-image fsn-69d7e16118fb7 align-none\"><img decoding=\"async\" src=\"https:\/\/tourismewendake.ca\/en\/wp-content\/uploads\/2022\/07\/carree-ig.jpg\" width=\"536\" height=\"402\" alt=\"\" class=\"img-responsive img-default\" loading=\"lazy\"><\/div><div class=\"fsn-text fsn-69d7e16118fc3\"><\/div><\/div><\/div><div class=\"col-sm-8\"><div class=\"fsn-column-inner fsn-69d7e16118fcf light\"><div class=\"fsn-text fsn-69d7e16118fe9\">\n<h2>Salle communautaire SOCCA<\/h2>\n<p><strong>COMPLEXE SPORTIF DESJARDINS WENDAKE<\/strong><br \/>\n<span id=\"s2_1\">Capacity from 150 to 300 people\u00a0<\/span><br \/>\n<span id=\"s2_2\">Capacity of 100-200 people<br \/>\n<\/span><span id=\"s2_3\">Capacity 10-60 people\u00a0<\/span><\/p>\n<p>100, rue Grand Chef Thonnakona<br \/>\nWendake (Qu\u00e9bec) G0A 4V0<\/p>\n<p><strong>Information:<\/strong><br \/>\n<a href=\"mailto:s.alain@slqne.com\"><span data-teams=\"true\">s.alain@slqne.com<\/span><\/a><\/p>\n<\/div><\/div><\/div><\/div><\/div><\/div>\n","protected":false},"excerpt":{"rendered":"","protected":false},"author":1,"featured_media":0,"parent":136,"menu_order":39,"comment_status":"closed","ping_status":"closed","template":"page-templates\/fullwidthpage.php","meta":{"footnotes":""},"class_list":["post-342","page","type-page","status-publish","hentry"],"_links":{"self":[{"href":"https:\/\/tourismewendake.ca\/en\/wp-json\/wp\/v2\/pages\/342","targetHints":{"allow":["GET"]}}],"collection":[{"href":"https:\/\/tourismewendake.ca\/en\/wp-json\/wp\/v2\/pages"}],"about":[{"href":"https:\/\/tourismewendake.ca\/en\/wp-json\/wp\/v2\/types\/page"}],"author":[{"embeddable":true,"href":"https:\/\/tourismewendake.ca\/en\/wp-json\/wp\/v2\/users\/1"}],"replies":[{"embeddable":true,"href":"https:\/\/tourismewendake.ca\/en\/wp-json\/wp\/v2\/comments?post=342"}],"version-history":[{"count":22,"href":"https:\/\/tourismewendake.ca\/en\/wp-json\/wp\/v2\/pages\/342\/revisions"}],"predecessor-version":[{"id":1174,"href":"https:\/\/tourismewendake.ca\/en\/wp-json\/wp\/v2\/pages\/342\/revisions\/1174"}],"up":[{"embeddable":true,"href":"https:\/\/tourismewendake.ca\/en\/wp-json\/wp\/v2\/pages\/136"}],"wp:attachment":[{"href":"https:\/\/tourismewendake.ca\/en\/wp-json\/wp\/v2\/media?parent=342"}],"curies":[{"name":"wp","href":"https:\/\/api.w.org\/{rel}","templated":true}]}}