{"id":744,"date":"2022-09-16T16:46:20","date_gmt":"2022-09-16T16:46:20","guid":{"rendered":"https:\/\/tourismewendake.ca\/en\/onhwalumina\/what-is-onhwa-lumina-copy-copy-2\/"},"modified":"2022-09-16T16:49:50","modified_gmt":"2022-09-16T16:49:50","slug":"discover-wendake-activities","status":"publish","type":"page","link":"https:\/\/tourismewendake.ca\/en\/onhwalumina\/discover-wendake-activities\/","title":{"rendered":"Discover Wendake | Activities"},"content":{"rendered":"<h2>Activities in Wendake<\/h2>\n<ul>\n<li><a href=\"https:\/\/www.chutekabirkouba.com\/\" target=\"_blank\" rel=\"noopener\" data-cke-saved-href=\"https:\/\/www.chutekabirkouba.com\/\">Centre d&#8217;interpr\u00e9tation Kabir Kouba<\/a><\/li>\n<li><a href=\"https:\/\/www.chutekabirkouba.com\/\" target=\"_blank\" rel=\"noopener\" data-cke-saved-href=\"https:\/\/www.chutekabirkouba.com\/\">Chute Kabir Kouba<\/a><\/li>\n<li><a href=\"https:\/\/museehuronwendat.ca\/\" target=\"_blank\" rel=\"noopener\" data-cke-saved-href=\"https:\/\/museehuronwendat.ca\/\">Mus\u00e9e huron-wendat<\/a><\/li>\n<li><a href=\"https:\/\/societerivierestcharles.qc.ca\/\" target=\"_blank\" rel=\"noopener\" data-cke-saved-href=\"https:\/\/societerivierestcharles.qc.ca\/\">Parc lin\u00e9aire de la Rivi\u00e8re-Saint-Charles<\/a><\/li>\n<li><a href=\"https:\/\/www.huron-wendat.qc.ca\/\" target=\"_blank\" rel=\"noopener\" data-cke-saved-href=\"https:\/\/www.huron-wendat.qc.ca\/\">Site traditionnel huron Onho\u00fce Chetek8e<\/a><\/li>\n<\/ul>\n","protected":false},"excerpt":{"rendered":"<p>Activities in Wendake Centre d&#8217;interpr\u00e9tation Kabir Kouba Chute Kabir Kouba Mus\u00e9e huron-wendat Parc lin\u00e9aire de la[&#8230;]<\/p>\n","protected":false},"author":2,"featured_media":8092,"parent":714,"menu_order":21,"comment_status":"closed","ping_status":"closed","template":"page-templates\/fullwidthpage.php","meta":{"footnotes":""},"class_list":["post-744","page","type-page","status-publish","has-post-thumbnail","hentry"],"_links":{"self":[{"href":"https:\/\/tourismewendake.ca\/en\/wp-json\/wp\/v2\/pages\/744","targetHints":{"allow":["GET"]}}],"collection":[{"href":"https:\/\/tourismewendake.ca\/en\/wp-json\/wp\/v2\/pages"}],"about":[{"href":"https:\/\/tourismewendake.ca\/en\/wp-json\/wp\/v2\/types\/page"}],"author":[{"embeddable":true,"href":"https:\/\/tourismewendake.ca\/en\/wp-json\/wp\/v2\/users\/2"}],"replies":[{"embeddable":true,"href":"https:\/\/tourismewendake.ca\/en\/wp-json\/wp\/v2\/comments?post=744"}],"version-history":[{"count":2,"href":"https:\/\/tourismewendake.ca\/en\/wp-json\/wp\/v2\/pages\/744\/revisions"}],"predecessor-version":[{"id":748,"href":"https:\/\/tourismewendake.ca\/en\/wp-json\/wp\/v2\/pages\/744\/revisions\/748"}],"up":[{"embeddable":true,"href":"https:\/\/tourismewendake.ca\/en\/wp-json\/wp\/v2\/pages\/714"}],"wp:featuredmedia":[{"embeddable":true,"href":"https:\/\/tourismewendake.ca\/en\/wp-json\/"}],"wp:attachment":[{"href":"https:\/\/tourismewendake.ca\/en\/wp-json\/wp\/v2\/media?parent=744"}],"curies":[{"name":"wp","href":"https:\/\/api.w.org\/{rel}","templated":true}]}}