{"id":750,"date":"2022-09-16T16:49:58","date_gmt":"2022-09-16T16:49:58","guid":{"rendered":"https:\/\/tourismewendake.ca\/en\/onhwalumina\/discover-wendake-boutique-copy\/"},"modified":"2022-09-16T16:56:15","modified_gmt":"2022-09-16T16:56:15","slug":"discover-wendake-lodging","status":"publish","type":"page","link":"https:\/\/tourismewendake.ca\/en\/onhwalumina\/discover-wendake-lodging\/","title":{"rendered":"Discover Wendake | Lodging"},"content":{"rendered":"<h2>Lodging in Wendake<\/h2>\n<ul>\n<li><a href=\"https:\/\/www.hotelpremieresnations.ca\/\" target=\"_blank\" rel=\"noopener\" data-cke-saved-href=\"https:\/\/www.hotelpremieresnations.ca\/\">H\u00f4tel-Mus\u00e9e Premi\u00e8res Nations<\/a><\/li>\n<li><a href=\"https:\/\/tourismewendake.ca\/hebergement\/maison-longue\/\">Maison longue nationale<\/a><\/li>\n<\/ul>\n","protected":false},"excerpt":{"rendered":"<p>Lodging in Wendake H\u00f4tel-Mus\u00e9e Premi\u00e8res Nations Maison longue nationale<\/p>\n","protected":false},"author":2,"featured_media":8092,"parent":714,"menu_order":22,"comment_status":"closed","ping_status":"closed","template":"page-templates\/fullwidthpage.php","meta":{"footnotes":""},"class_list":["post-750","page","type-page","status-publish","has-post-thumbnail","hentry"],"_links":{"self":[{"href":"https:\/\/tourismewendake.ca\/en\/wp-json\/wp\/v2\/pages\/750","targetHints":{"allow":["GET"]}}],"collection":[{"href":"https:\/\/tourismewendake.ca\/en\/wp-json\/wp\/v2\/pages"}],"about":[{"href":"https:\/\/tourismewendake.ca\/en\/wp-json\/wp\/v2\/types\/page"}],"author":[{"embeddable":true,"href":"https:\/\/tourismewendake.ca\/en\/wp-json\/wp\/v2\/users\/2"}],"replies":[{"embeddable":true,"href":"https:\/\/tourismewendake.ca\/en\/wp-json\/wp\/v2\/comments?post=750"}],"version-history":[{"count":3,"href":"https:\/\/tourismewendake.ca\/en\/wp-json\/wp\/v2\/pages\/750\/revisions"}],"predecessor-version":[{"id":753,"href":"https:\/\/tourismewendake.ca\/en\/wp-json\/wp\/v2\/pages\/750\/revisions\/753"}],"up":[{"embeddable":true,"href":"https:\/\/tourismewendake.ca\/en\/wp-json\/wp\/v2\/pages\/714"}],"wp:featuredmedia":[{"embeddable":true,"href":"https:\/\/tourismewendake.ca\/en\/wp-json\/"}],"wp:attachment":[{"href":"https:\/\/tourismewendake.ca\/en\/wp-json\/wp\/v2\/media?parent=750"}],"curies":[{"name":"wp","href":"https:\/\/api.w.org\/{rel}","templated":true}]}}