{"id":754,"date":"2022-09-16T16:56:45","date_gmt":"2022-09-16T16:56:45","guid":{"rendered":"https:\/\/tourismewendake.ca\/en\/onhwalumina\/discover-wendake-boutique-copy\/"},"modified":"2022-09-16T16:57:54","modified_gmt":"2022-09-16T16:57:54","slug":"discover-wendake-restaurant","status":"publish","type":"page","link":"https:\/\/tourismewendake.ca\/en\/onhwalumina\/discover-wendake-restaurant\/","title":{"rendered":"Discover Wendake | Restaurant"},"content":{"rendered":"<h2>Restaurant in Wendake<\/h2>\n<ul>\n<li><a href=\"https:\/\/lusineafrites.com\/\" target=\"_blank\" rel=\"noopener\" data-cke-saved-href=\"https:\/\/lusineafrites.com\/\">Casse-cro\u00fbte l&#8217;Usine \u00e0 frites<\/a><\/li>\n<li><a href=\"https:\/\/restaurantlatraite.ca\/\" target=\"_blank\" rel=\"noopener\" data-cke-saved-href=\"https:\/\/restaurantlatraite.ca\/\">Restaurant La Traite<\/a><\/li>\n<li><a href=\"https:\/\/lepiolet.com\/\" target=\"_blank\" rel=\"noopener\" data-cke-saved-href=\"https:\/\/lepiolet.com\/\">Resto-\u00e9cole Le Piolet<\/a><\/li>\n<li><a href=\"https:\/\/www.huron-wendat.qc.ca\/restaurant\/\" target=\"_blank\" rel=\"noopener\" data-cke-saved-href=\"https:\/\/www.huron-wendat.qc.ca\/restaurant\/\">Restaurant Nek8arre<\/a><\/li>\n<li><a href=\"https:\/\/sagamite.com\/\" target=\"_blank\" rel=\"noopener\" data-cke-saved-href=\"https:\/\/sagamite.com\/\">Restaurant La Sagamit\u00e9<\/a><\/li>\n<\/ul>\n","protected":false},"excerpt":{"rendered":"<p>Restaurant in Wendake Casse-cro\u00fbte l&#8217;Usine \u00e0 frites Restaurant La Traite Resto-\u00e9cole Le Piolet Restaurant Nek8arre Restaurant[&#8230;]<\/p>\n","protected":false},"author":2,"featured_media":8092,"parent":714,"menu_order":23,"comment_status":"closed","ping_status":"closed","template":"page-templates\/fullwidthpage.php","meta":{"footnotes":""},"class_list":["post-754","page","type-page","status-publish","has-post-thumbnail","hentry"],"_links":{"self":[{"href":"https:\/\/tourismewendake.ca\/en\/wp-json\/wp\/v2\/pages\/754","targetHints":{"allow":["GET"]}}],"collection":[{"href":"https:\/\/tourismewendake.ca\/en\/wp-json\/wp\/v2\/pages"}],"about":[{"href":"https:\/\/tourismewendake.ca\/en\/wp-json\/wp\/v2\/types\/page"}],"author":[{"embeddable":true,"href":"https:\/\/tourismewendake.ca\/en\/wp-json\/wp\/v2\/users\/2"}],"replies":[{"embeddable":true,"href":"https:\/\/tourismewendake.ca\/en\/wp-json\/wp\/v2\/comments?post=754"}],"version-history":[{"count":1,"href":"https:\/\/tourismewendake.ca\/en\/wp-json\/wp\/v2\/pages\/754\/revisions"}],"predecessor-version":[{"id":755,"href":"https:\/\/tourismewendake.ca\/en\/wp-json\/wp\/v2\/pages\/754\/revisions\/755"}],"up":[{"embeddable":true,"href":"https:\/\/tourismewendake.ca\/en\/wp-json\/wp\/v2\/pages\/714"}],"wp:featuredmedia":[{"embeddable":true,"href":"https:\/\/tourismewendake.ca\/en\/wp-json\/"}],"wp:attachment":[{"href":"https:\/\/tourismewendake.ca\/en\/wp-json\/wp\/v2\/media?parent=754"}],"curies":[{"name":"wp","href":"https:\/\/api.w.org\/{rel}","templated":true}]}}