{"id":1141,"date":"2018-03-09T21:02:24","date_gmt":"2018-03-09T20:02:24","guid":{"rendered":"http:\/\/dev.tourismewendake.ca\/?page_id=1141"},"modified":"2020-03-16T19:44:09","modified_gmt":"2020-03-16T19:44:09","slug":"quest-ce-quun-pow-wow","status":"publish","type":"page","link":"https:\/\/tourismewendake.ca\/es\/pow-wow\/quest-ce-quun-pow-wow\/","title":{"rendered":"Qu&#8217;est-ce qu&#8217;un Pow Wow"},"content":{"rendered":"<div id=\"c3025\">\n<p>Un Pow Wow, c\u2019est un rassemblement des Premi\u00e8res Nations de l\u2019Am\u00e9rique du nord. Autrefois, \u00a0Il s&#8217;agissait traditionnellement d&#8217;un \u00e9v\u00e9nement religieux (chamanisme) ou de la c\u00e9l\u00e9bration d&#8217;exploits guerriers.<\/p>\n<p>Aujourd&#8217;hui, il existe un v\u00e9ritable \u00ab circuit \u00bb des Pow Wow qui sont devenus des manifestations festives et une occasion pour les Premi\u00e8res Nations de faire vivre leur h\u00e9ritage culturel \u00e0 travers les danses et les chants traditionnels. C\u2019est le moment id\u00e9al pour vous de vivre l\u2019exp\u00e9rience de leurs cultures, leurs rites et de leurs traditions.<\/p>\n<\/div>\n","protected":false},"excerpt":{"rendered":"<p>Un Pow Wow, c\u2019est un rassemblement des Premi\u00e8res Nations de l\u2019Am\u00e9rique du nord. Autrefois, \u00a0Il s&#8217;agissait[&#8230;]<\/p>\n","protected":false},"author":1,"featured_media":1142,"parent":19,"menu_order":17,"comment_status":"closed","ping_status":"closed","template":"","meta":{"footnotes":""},"class_list":["post-1141","page","type-page","status-publish","has-post-thumbnail","hentry"],"_links":{"self":[{"href":"https:\/\/tourismewendake.ca\/es\/wp-json\/wp\/v2\/pages\/1141","targetHints":{"allow":["GET"]}}],"collection":[{"href":"https:\/\/tourismewendake.ca\/es\/wp-json\/wp\/v2\/pages"}],"about":[{"href":"https:\/\/tourismewendake.ca\/es\/wp-json\/wp\/v2\/types\/page"}],"author":[{"embeddable":true,"href":"https:\/\/tourismewendake.ca\/es\/wp-json\/wp\/v2\/users\/1"}],"replies":[{"embeddable":true,"href":"https:\/\/tourismewendake.ca\/es\/wp-json\/wp\/v2\/comments?post=1141"}],"version-history":[{"count":2,"href":"https:\/\/tourismewendake.ca\/es\/wp-json\/wp\/v2\/pages\/1141\/revisions"}],"predecessor-version":[{"id":1548,"href":"https:\/\/tourismewendake.ca\/es\/wp-json\/wp\/v2\/pages\/1141\/revisions\/1548"}],"up":[{"embeddable":true,"href":"https:\/\/tourismewendake.ca\/es\/wp-json\/wp\/v2\/pages\/19"}],"wp:featuredmedia":[{"embeddable":true,"href":"https:\/\/tourismewendake.ca\/es\/wp-json\/"}],"wp:attachment":[{"href":"https:\/\/tourismewendake.ca\/es\/wp-json\/wp\/v2\/media?parent=1141"}],"curies":[{"name":"wp","href":"https:\/\/api.w.org\/{rel}","templated":true}]}}