{"id":1238,"date":"2018-03-09T21:23:24","date_gmt":"2018-03-09T20:23:24","guid":{"rendered":"http:\/\/dev.tourismewendake.ca\/?page_id=1238"},"modified":"2020-03-16T19:46:29","modified_gmt":"2020-03-16T19:46:29","slug":"information-pratique","status":"publish","type":"page","link":"https:\/\/tourismewendake.ca\/es\/pow-wow\/information-pratique\/","title":{"rendered":"Information pratique"},"content":{"rendered":"<ul>\n<li><strong>Stationnement gratuit<\/strong><\/li>\n<li><strong>Stationnement suppl\u00e9mentaire au 255 Place Chef Michel Laveau, Wendake &#8211; Navette gratuite jusqu&#8217;au site de l&#8217;\u00e9v\u00e9nement \u00e0 tous les 30 minutes<\/strong><\/li>\n<li><strong>Paiement par Interac disponible l&#8217;entr\u00e9e du site (Bracelet du Pow Wow)<\/strong><\/li>\n<li><strong>Guichet automatique ATM &#8211; pour retrait <\/strong>(100, boulevard Bastien, Wendake)<\/li>\n<\/ul>\n<h3>O\u00f9 se loger?<\/h3>\n<p>&nbsp;<\/p>\n<p><strong>H\u00f4tel-Mus\u00e9e Premi\u00e8res Nations<\/strong><br \/>\n5, place de la Rencontre \u00ab Ekionkiestha\u2019 \u00bb,<br \/>\nWendake<br \/>\nT\u00e9l. : (418) 847-2222<\/p>\n<p><strong>Grand Times Hotel<\/strong><br \/>\n5100, boulevard des Galeries<br \/>\nQu\u00e9bec \u00a0(Qu\u00e9bec) G2K 2M1<br \/>\nR\u00e9servation par t\u00e9l\u00e9phone :<br \/>\n1-888-902-5555 Code promo : POW WOW<br \/>\nR\u00e9servation par Internet<br \/>\n<a href=\"http:\/\/www.timeshotel.ca\/grand\">www.timeshotel.ca\/grand<\/a><br \/>\n29 juin au 1er juillet 2018<br \/>\n159$ (chambre 1 ou 2 lit king)<br \/>\n169$ (loft ex\u00e9cutif 1 lit king)<br \/>\nCode de tarif : POW WOW<\/p>\n<p><strong>H\u00f4tel Signature<\/strong><br \/>\n7900, rue Du Marigot<br \/>\nQu\u00e9bec<br \/>\nR\u00e9servation par t\u00e9l\u00e9phone<br \/>\n(418) 627-8008<br \/>\n15% de rabais<br \/>\ncode : POW WOW<\/p>\n<p><strong>G\u00eete la Huronni\u00e8re<\/strong><br \/>\n415, Chef-Maurice-S\u00e9bastien,<br \/>\nWendake<br \/>\nT\u00e9l. : (418) 845-4118<\/p>\n<p><strong>Camping de la Joie<\/strong><br \/>\n640, Georges-Muir<br \/>\nQu\u00e9bec\u00a0 (Qc) G2N 2H3<br \/>\nT\u00e9l. : (418) 849-2264<\/p>\n<p><strong>Camping Stoneham<\/strong><br \/>\n71, Ch. Saint-Edmond,<br \/>\nStoneham-et-Tewkesbury<br \/>\nT\u00e9l. : (418) 848-2233<\/p>\n<p><strong>Camping Qu\u00e9bec en Ville<\/strong><br \/>\n2050, route de l&#8217;a\u00e9roport<br \/>\nQu\u00e9bec (QC) G2G 0A3<br \/>\nT\u00e9l. : (418) 871-1574<\/p>\n<p><strong>Camping Village Vacances Valcartier<\/strong><br \/>\n1860, boulevard Valcartier<br \/>\nSaint-Gabriel de Valcartier<br \/>\nT\u00e9l. : (418) 844-2200<\/p>\n","protected":false},"excerpt":{"rendered":"<p>Stationnement gratuit Stationnement suppl\u00e9mentaire au 255 Place Chef Michel Laveau, Wendake &#8211; Navette gratuite jusqu&#8217;au site[&#8230;]<\/p>\n","protected":false},"author":1,"featured_media":1239,"parent":19,"menu_order":19,"comment_status":"closed","ping_status":"closed","template":"","meta":{"footnotes":""},"class_list":["post-1238","page","type-page","status-publish","has-post-thumbnail","hentry"],"_links":{"self":[{"href":"https:\/\/tourismewendake.ca\/es\/wp-json\/wp\/v2\/pages\/1238","targetHints":{"allow":["GET"]}}],"collection":[{"href":"https:\/\/tourismewendake.ca\/es\/wp-json\/wp\/v2\/pages"}],"about":[{"href":"https:\/\/tourismewendake.ca\/es\/wp-json\/wp\/v2\/types\/page"}],"author":[{"embeddable":true,"href":"https:\/\/tourismewendake.ca\/es\/wp-json\/wp\/v2\/users\/1"}],"replies":[{"embeddable":true,"href":"https:\/\/tourismewendake.ca\/es\/wp-json\/wp\/v2\/comments?post=1238"}],"version-history":[{"count":3,"href":"https:\/\/tourismewendake.ca\/es\/wp-json\/wp\/v2\/pages\/1238\/revisions"}],"predecessor-version":[{"id":1550,"href":"https:\/\/tourismewendake.ca\/es\/wp-json\/wp\/v2\/pages\/1238\/revisions\/1550"}],"up":[{"embeddable":true,"href":"https:\/\/tourismewendake.ca\/es\/wp-json\/wp\/v2\/pages\/19"}],"wp:featuredmedia":[{"embeddable":true,"href":"https:\/\/tourismewendake.ca\/es\/wp-json\/"}],"wp:attachment":[{"href":"https:\/\/tourismewendake.ca\/es\/wp-json\/wp\/v2\/media?parent=1238"}],"curies":[{"name":"wp","href":"https:\/\/api.w.org\/{rel}","templated":true}]}}