{"id":15,"date":"2018-07-11T17:29:00","date_gmt":"2018-07-11T17:29:00","guid":{"rendered":"http:\/\/thinkprod.com\/?page_id=15"},"modified":"2026-02-23T20:36:08","modified_gmt":"2026-02-23T20:36:08","slug":"restaurants","status":"publish","type":"page","link":"https:\/\/tourismewendake.ca\/es\/restaurants\/","title":{"rendered":"Restaurants"},"content":{"rendered":"<p>Une multitude d\u2019options s\u2019offre \u00e0 vous sur le territoire de Wendake. Que ce soit de la fine gastronomie inspir\u00e9e des Premi\u00e8res Nations ou encore un sandwich savamment concoct\u00e9, vous y trouverez un restaurant ou casse-cro\u00fbte pour tous les go\u00fbts ou tous les budgets.<\/p>\n","protected":false},"excerpt":{"rendered":"<p>Une multitude d\u2019options s\u2019offre \u00e0 vous sur le territoire de Wendake. Que ce soit de la[&#8230;]<\/p>\n","protected":false},"author":1,"featured_media":8341,"parent":0,"menu_order":11,"comment_status":"closed","ping_status":"closed","template":"page-templates\/grid_listpage.php","meta":{"footnotes":""},"class_list":["post-15","page","type-page","status-publish","has-post-thumbnail","hentry"],"_links":{"self":[{"href":"https:\/\/tourismewendake.ca\/es\/wp-json\/wp\/v2\/pages\/15","targetHints":{"allow":["GET"]}}],"collection":[{"href":"https:\/\/tourismewendake.ca\/es\/wp-json\/wp\/v2\/pages"}],"about":[{"href":"https:\/\/tourismewendake.ca\/es\/wp-json\/wp\/v2\/types\/page"}],"author":[{"embeddable":true,"href":"https:\/\/tourismewendake.ca\/es\/wp-json\/wp\/v2\/users\/1"}],"replies":[{"embeddable":true,"href":"https:\/\/tourismewendake.ca\/es\/wp-json\/wp\/v2\/comments?post=15"}],"version-history":[{"count":4,"href":"https:\/\/tourismewendake.ca\/es\/wp-json\/wp\/v2\/pages\/15\/revisions"}],"predecessor-version":[{"id":1455,"href":"https:\/\/tourismewendake.ca\/es\/wp-json\/wp\/v2\/pages\/15\/revisions\/1455"}],"wp:featuredmedia":[{"embeddable":true,"href":"https:\/\/tourismewendake.ca\/es\/wp-json\/"}],"wp:attachment":[{"href":"https:\/\/tourismewendake.ca\/es\/wp-json\/wp\/v2\/media?parent=15"}],"curies":[{"name":"wp","href":"https:\/\/api.w.org\/{rel}","templated":true}]}}