{"id":8,"date":"2018-03-05T16:54:50","date_gmt":"2018-03-05T16:54:50","guid":{"rendered":"http:\/\/dev.tourismewendake.ca\/?page_id=8"},"modified":"2020-06-17T18:09:52","modified_gmt":"2020-06-17T18:09:52","slug":"emplois","status":"publish","type":"page","link":"https:\/\/tourismewendake.ca\/es\/informations\/emplois\/","title":{"rendered":"Emplois"},"content":{"rendered":"<h1>EMPLOIS DISPONIBLES<\/h1>\n<p>Vous \u00eates \u00e0 la recherche d\u2019un emploi ? Nous avons r\u00e9guli\u00e8rement des postes \u00e0 combler.<\/p>\n<p>Si aucun emploi ne correspond \u00e0 votre profil parmi les emplois affich\u00e9s dans notre section \u00ab\u00a0Emplois\u00a0\u00bb, faites-nous parvenir votre curriculum vit\u00e6 \u00e0 l&#8217;adresse\u00a0<a title=\"Opens window for sending email\" href=\"rh@hotelpremieresnations.ca\">rh@hotelpremieresnations.ca<\/a>\u00a0en indiquant le poste ou le d\u00e9partement qui vous int\u00e9resse dans l\u2019objet du courriel\u00a0ou dans la section commentaire de l\u2019envoi. Il n&#8217;y a pas de date limite pour soumettre votre curriculum vitae, nous constituons une banque de candidatures pour des processus d&#8217;embauche p\u00e9riodiques.<\/p>\n<p><em>L\u2019\u00e9quipe des ressources humaines attend avec impatience votre candidature!<\/em><\/p>\n","protected":false},"excerpt":{"rendered":"<p>EMPLOIS DISPONIBLES Vous \u00eates \u00e0 la recherche d\u2019un emploi ? Nous avons r\u00e9guli\u00e8rement des postes \u00e0[&#8230;]<\/p>\n","protected":false},"author":1,"featured_media":0,"parent":488,"menu_order":5,"comment_status":"closed","ping_status":"closed","template":"","meta":{"footnotes":""},"class_list":["post-8","page","type-page","status-publish","hentry"],"_links":{"self":[{"href":"https:\/\/tourismewendake.ca\/es\/wp-json\/wp\/v2\/pages\/8","targetHints":{"allow":["GET"]}}],"collection":[{"href":"https:\/\/tourismewendake.ca\/es\/wp-json\/wp\/v2\/pages"}],"about":[{"href":"https:\/\/tourismewendake.ca\/es\/wp-json\/wp\/v2\/types\/page"}],"author":[{"embeddable":true,"href":"https:\/\/tourismewendake.ca\/es\/wp-json\/wp\/v2\/users\/1"}],"replies":[{"embeddable":true,"href":"https:\/\/tourismewendake.ca\/es\/wp-json\/wp\/v2\/comments?post=8"}],"version-history":[{"count":1,"href":"https:\/\/tourismewendake.ca\/es\/wp-json\/wp\/v2\/pages\/8\/revisions"}],"predecessor-version":[{"id":7246,"href":"https:\/\/tourismewendake.ca\/es\/wp-json\/wp\/v2\/pages\/8\/revisions\/7246"}],"up":[{"embeddable":true,"href":"https:\/\/tourismewendake.ca\/es\/wp-json\/wp\/v2\/pages\/488"}],"wp:attachment":[{"href":"https:\/\/tourismewendake.ca\/es\/wp-json\/wp\/v2\/media?parent=8"}],"curies":[{"name":"wp","href":"https:\/\/api.w.org\/{rel}","templated":true}]}}