{"id":1169,"date":"2018-03-09T21:07:26","date_gmt":"2018-03-09T20:07:26","guid":{"rendered":"http:\/\/dev.tourismewendake.ca\/?page_id=1169"},"modified":"2019-02-20T17:39:09","modified_gmt":"2019-02-20T17:39:09","slug":"navette-pow-wow","status":"publish","type":"page","link":"https:\/\/tourismewendake.ca\/it\/pow-wow\/navette-pow-wow\/","title":{"rendered":"Navette Pow Wow"},"content":{"rendered":"<p><strong>NAVETTE \u00c0 WENDAKE (Gratuit)<br \/>\n<\/strong><strong>Une navette sera disponible \u00e0 Wendake \u00e0 tous les 15 minutes<br \/>\nDu Conseil de la Nation huronne-wendat (255 Place Chef Michel Laveau, Wendake) au Carrefour artistique<br \/>\n<\/strong><strong>**Stationnement disponible**<\/strong><\/p>\n<p><strong>HORAIRE<\/strong><br \/>\n29 juin : De 11h00 \u00e0 23h00<br \/>\n30 juin : De 11h00 \u00e0 23h00<br \/>\n1er juillet : De 11h00 \u00e0 19h00<\/p>\n<p>&nbsp;<\/p>\n<p>*\u00a0\u00a0 *\u00a0\u00a0 *\u00a0\u00a0 *\u00a0\u00a0 *\u00a0\u00a0 *\u00a0\u00a0 *<\/p>\n<p>&nbsp;<\/p>\n<p><strong>MAISON DU TOURISME (12, rue Ste-Anne) vers le Carrefour artistique et H\u00f4tel-Mus\u00e9e Premi\u00e8res Nations<br \/>\nR\u00c9SERVATION OBLIGATOIRE<\/strong><br \/>\n<strong> (418) 847-0624 poste 2037<\/strong><\/p>\n<p>*\u00a0\u00a0 *\u00a0\u00a0 *\u00a0\u00a0 *\u00a0\u00a0 *\u00a0\u00a0 *\u00a0\u00a0 *<\/p>\n<p><strong>HORAIRE DES D\u00c9PARTS<\/strong><br \/>\n9h30 &#8211; 11h00 &#8211; 13h00 &#8211; 16h00<\/p>\n<p><strong>HORAIRE DES RETOURS<\/strong><br \/>\nDe l&#8217;H\u00f4tel-Mus\u00e9e Premi\u00e8res Nations vers Maison du Tourisme (12, rue Ste-Anne)<br \/>\n10h00 &#8211; 12h00 &#8211; 14h00 &#8211; 17hoo<\/p>\n<p>*\u00a0\u00a0 *\u00a0\u00a0 *\u00a0\u00a0 *\u00a0\u00a0 *\u00a0\u00a0 *\u00a0\u00a0 *<\/p>\n<p><strong>TARIFS<br \/>\n<\/strong>10,00$ \/ Adulte<br \/>\n5,00 $ \/ 6 &#8211; 12 ans<br \/>\ngratuit \/ 0- 5 ans<br \/>\nTaxes en sus<\/p>\n","protected":false},"excerpt":{"rendered":"<p>NAVETTE \u00c0 WENDAKE (Gratuit) Une navette sera disponible \u00e0 Wendake \u00e0 tous les 15 minutes Du[&#8230;]<\/p>\n","protected":false},"author":1,"featured_media":0,"parent":19,"menu_order":27,"comment_status":"closed","ping_status":"closed","template":"","meta":{"footnotes":""},"class_list":["post-1169","page","type-page","status-publish","hentry"],"_links":{"self":[{"href":"https:\/\/tourismewendake.ca\/it\/wp-json\/wp\/v2\/pages\/1169","targetHints":{"allow":["GET"]}}],"collection":[{"href":"https:\/\/tourismewendake.ca\/it\/wp-json\/wp\/v2\/pages"}],"about":[{"href":"https:\/\/tourismewendake.ca\/it\/wp-json\/wp\/v2\/types\/page"}],"author":[{"embeddable":true,"href":"https:\/\/tourismewendake.ca\/it\/wp-json\/wp\/v2\/users\/1"}],"replies":[{"embeddable":true,"href":"https:\/\/tourismewendake.ca\/it\/wp-json\/wp\/v2\/comments?post=1169"}],"version-history":[{"count":1,"href":"https:\/\/tourismewendake.ca\/it\/wp-json\/wp\/v2\/pages\/1169\/revisions"}],"predecessor-version":[{"id":1268,"href":"https:\/\/tourismewendake.ca\/it\/wp-json\/wp\/v2\/pages\/1169\/revisions\/1268"}],"up":[{"embeddable":true,"href":"https:\/\/tourismewendake.ca\/it\/wp-json\/wp\/v2\/pages\/19"}],"wp:attachment":[{"href":"https:\/\/tourismewendake.ca\/it\/wp-json\/wp\/v2\/media?parent=1169"}],"curies":[{"name":"wp","href":"https:\/\/api.w.org\/{rel}","templated":true}]}}