{"id":1210,"date":"2018-03-09T21:17:17","date_gmt":"2018-03-09T20:17:17","guid":{"rendered":"http:\/\/dev.tourismewendake.ca\/?page_id=1210"},"modified":"2019-02-20T17:39:09","modified_gmt":"2019-02-20T17:39:09","slug":"benevoles","status":"publish","type":"page","link":"https:\/\/tourismewendake.ca\/it\/pow-wow\/benevoles\/","title":{"rendered":"B\u00e9n\u00e9voles"},"content":{"rendered":"<p>Vous souhaitez participer au Pow-Wow en tant que b\u00e9n\u00e9vole? Nous serons fiers de vous compter parmi nous!<\/p>\n<p>Pour devenir b\u00e9n\u00e9vole contactez-nous :<\/p>\n<p>418.847.1835 poste 2037<\/p>\n<p>ou<\/p>\n<p><a href=\"mailto:info@tourismewendake.ca\">info@tourismewendake.ca<\/a><\/p>\n","protected":false},"excerpt":{"rendered":"<p>Vous souhaitez participer au Pow-Wow en tant que b\u00e9n\u00e9vole? Nous serons fiers de vous compter parmi[&#8230;]<\/p>\n","protected":false},"author":1,"featured_media":539,"parent":19,"menu_order":22,"comment_status":"closed","ping_status":"closed","template":"","meta":{"footnotes":""},"class_list":["post-1210","page","type-page","status-publish","has-post-thumbnail","hentry"],"_links":{"self":[{"href":"https:\/\/tourismewendake.ca\/it\/wp-json\/wp\/v2\/pages\/1210","targetHints":{"allow":["GET"]}}],"collection":[{"href":"https:\/\/tourismewendake.ca\/it\/wp-json\/wp\/v2\/pages"}],"about":[{"href":"https:\/\/tourismewendake.ca\/it\/wp-json\/wp\/v2\/types\/page"}],"author":[{"embeddable":true,"href":"https:\/\/tourismewendake.ca\/it\/wp-json\/wp\/v2\/users\/1"}],"replies":[{"embeddable":true,"href":"https:\/\/tourismewendake.ca\/it\/wp-json\/wp\/v2\/comments?post=1210"}],"version-history":[{"count":1,"href":"https:\/\/tourismewendake.ca\/it\/wp-json\/wp\/v2\/pages\/1210\/revisions"}],"predecessor-version":[{"id":1264,"href":"https:\/\/tourismewendake.ca\/it\/wp-json\/wp\/v2\/pages\/1210\/revisions\/1264"}],"up":[{"embeddable":true,"href":"https:\/\/tourismewendake.ca\/it\/wp-json\/wp\/v2\/pages\/19"}],"wp:featuredmedia":[{"embeddable":true,"href":"https:\/\/tourismewendake.ca\/it\/wp-json\/wp\/v2\/media\/539"}],"wp:attachment":[{"href":"https:\/\/tourismewendake.ca\/it\/wp-json\/wp\/v2\/media?parent=1210"}],"curies":[{"name":"wp","href":"https:\/\/api.w.org\/{rel}","templated":true}]}}