{"id":13,"date":"2018-07-11T17:28:37","date_gmt":"2018-07-11T17:28:37","guid":{"rendered":"http:\/\/thinkprod.com\/?page_id=13"},"modified":"2026-02-24T18:24:28","modified_gmt":"2026-02-24T18:24:28","slug":"hebergements","status":"publish","type":"page","link":"https:\/\/tourismewendake.ca\/it\/hebergements\/","title":{"rendered":"H\u00e9bergements"},"content":{"rendered":"<p>De l\u2019h\u00e9bergement de toutes sortes qui saura r\u00e9pondre \u00e0 tous les besoins. Passant d\u2019une immersion totale en maison longue, \u00e0 un s\u00e9jour plus luxueux dans notre h\u00f4tel-boutique, ou d\u2019une ambiance conviviale en g\u00eete, Wendake vous offre une gamme d\u2019h\u00e9bergement qui vous fera vivre votre exp\u00e9rience au rythme des Premi\u00e8res Nations.<\/p>\n","protected":false},"excerpt":{"rendered":"<p>De l\u2019h\u00e9bergement de toutes sortes qui saura r\u00e9pondre \u00e0 tous les besoins. Passant d\u2019une immersion totale[&#8230;]<\/p>\n","protected":false},"author":1,"featured_media":0,"parent":0,"menu_order":12,"comment_status":"closed","ping_status":"closed","template":"page-templates\/grid_listpage.php","meta":{"footnotes":""},"class_list":["post-13","page","type-page","status-publish","hentry"],"_links":{"self":[{"href":"https:\/\/tourismewendake.ca\/it\/wp-json\/wp\/v2\/pages\/13","targetHints":{"allow":["GET"]}}],"collection":[{"href":"https:\/\/tourismewendake.ca\/it\/wp-json\/wp\/v2\/pages"}],"about":[{"href":"https:\/\/tourismewendake.ca\/it\/wp-json\/wp\/v2\/types\/page"}],"author":[{"embeddable":true,"href":"https:\/\/tourismewendake.ca\/it\/wp-json\/wp\/v2\/users\/1"}],"replies":[{"embeddable":true,"href":"https:\/\/tourismewendake.ca\/it\/wp-json\/wp\/v2\/comments?post=13"}],"version-history":[{"count":6,"href":"https:\/\/tourismewendake.ca\/it\/wp-json\/wp\/v2\/pages\/13\/revisions"}],"predecessor-version":[{"id":1454,"href":"https:\/\/tourismewendake.ca\/it\/wp-json\/wp\/v2\/pages\/13\/revisions\/1454"}],"wp:attachment":[{"href":"https:\/\/tourismewendake.ca\/it\/wp-json\/wp\/v2\/media?parent=13"}],"curies":[{"name":"wp","href":"https:\/\/api.w.org\/{rel}","templated":true}]}}