{"id":498,"date":"2018-08-27T13:55:47","date_gmt":"2018-08-27T13:55:47","guid":{"rendered":"http:\/\/thinkprod.com\/?page_id=498"},"modified":"2023-07-12T18:29:39","modified_gmt":"2023-07-12T18:29:39","slug":"transport","status":"publish","type":"page","link":"https:\/\/tourismewendake.ca\/it\/informations\/transport\/","title":{"rendered":"Transport"},"content":{"rendered":"<div class=\"fsn-row full-width-row fsn-69e02d92ee74b light\" style=\"background-repeat:repeat;background-position:left top;background-attachment:scroll;background-size:auto;\"><div class=\"container-fluid\"><div class=\"row\"><div class=\"col-sm-6\"><div class=\"fsn-column-inner fsn-69e02d92ee7c0 light\"><div class=\"fsn-image fsn-69e02d92eed54 align-none\"><img decoding=\"async\" src=\"\" width=\"\" height=\"\" alt=\"\" class=\"img-responsive img-default\" loading=\"lazy\"><\/div><\/div><\/div><div class=\"col-sm-6\"><div class=\"fsn-column-inner fsn-69e02d92eed6e light\"><div class=\"fsn-text fsn-69e02d92eedb1\">\n<header class=\"entry-header\">\n<h1 class=\"entry-title\">Taxi Wendake<\/h1>\n<\/header>\n<div class=\"entry-content\">\n<p>455, rue Chef-Maurice-S\u00e9bastien<br \/>\nWendake (Qu\u00e9bec)\u00a0 G0A 4V0<\/p>\n<p>T\u00e9l\u00e9phone : (418) 842-3838<\/p>\n<\/div>\n<\/div><\/div><\/div><\/div><\/div><\/div><div class=\"fsn-row full-width-row fsn-69e02d92eedc2 light\" style=\"background-repeat:repeat;background-position:left top;background-attachment:scroll;background-size:auto;\"><div class=\"container-fluid\"><div class=\"row\"><div class=\"col-sm-6\"><div class=\"fsn-column-inner fsn-69e02d92eee0c light\"><div class=\"fsn-text fsn-69e02d92eee1f\">\n<header class=\"entry-header\">\n<h1 class=\"entry-title\">Navette<\/h1>\n<\/header>\n<div class=\"entry-content\">\n<p><strong>Du 30 mai au 11 octobre 2020<br \/>\n33 places de disponibles<\/strong><\/p>\n<p><strong>ACHAT DE BILLET :<\/strong><br \/>\n<b>Maison du tourisme, 12, rue Ste-Anne, Vieux-Qu\u00e9bec<\/b><\/p>\n<\/div>\n<\/div><\/div><\/div><div class=\"col-sm-6\"><div class=\"fsn-column-inner fsn-69e02d92eee27 light\"><div class=\"fsn-text fsn-69e02d92eee38\">\n<p><strong>ARR\u00caT<\/strong><\/p>\n<p>84, rue Dalhousie, Terminal Ross Gaudreault, Port de Qu\u00e9bec<br \/>\n9h30 &#8211; 12h15 &#8211; 14h15 &#8211; 17h30<\/p>\n<p><strong>ARR\u00caT<\/strong><\/p>\n<p>12, rue Sainte-Anne, Vieux-Qu\u00e9bec, Maison du tourisme<br \/>\n9h45 \u2013 12h30 \u2013 14h30 \u2013 16h00<\/p>\n<p><strong>HORAIRE DES RETOURS<\/strong><br \/>\nDe l\u2019H\u00f4tel-Mus\u00e9e Premi\u00e8res Nations, Wendake<br \/>\n10h30 \u2013 13h15 \u2013 15h15 \u2013 17h00<\/p>\n<\/div><\/div><\/div><\/div><\/div><\/div><div class=\"fsn-row full-width-row fsn-69e02d92eee43 light\" style=\"background-repeat:repeat;background-position:left top;background-attachment:scroll;background-size:auto;\"><div class=\"container-fluid\"><div class=\"row\"><div class=\"col-sm-12\"><div class=\"fsn-column-inner fsn-69e02d92eee5e light\"><div class=\"fsn-text fsn-69e02d92eee6d\">\n<h3>\u00c0 la rencontre des Premi\u00e8res Nations<\/h3>\n<p>Surveillez la navette aux couleurs de Wendake (ligne verte) faisant la navette en haute saison entre le Vieux Qu\u00e9bec et le Terminal des croisi\u00e8res du Port de Qu\u00e9bec et Wendake.\u00a0 Ce service est disponible autant pour les clients s\u00e9journant \u00e0 Wendake que pour les excursionnistes d\u2019un jour.<\/p>\n<h4>Tarifs<\/h4>\n<p>11,00$ \/ Adulte<br \/>\n5,50 $ \/ 6 \u2013 12 ans<br \/>\ngratuit \/ 0- 5 ans<br \/>\n<em>Taxes en sus<\/em><\/p>\n<\/div><\/div><\/div><\/div><\/div><\/div><div class=\"fsn-row full-width-row fsn-69e02d92eee75 light\" style=\"background-repeat:repeat;background-position:left top;background-attachment:scroll;background-size:auto;\"><div class=\"container-fluid\"><div class=\"row\"><div class=\"col-sm-12\"><div class=\"fsn-column-inner fsn-69e02d92eee85 light\"><div class=\"fsn-text fsn-69e02d92eee8f\">\n<h1 style=\"text-align: center;\">NOS FORFAITS-NAVETTES<\/h1>\n<\/div><\/div><\/div><\/div><\/div><\/div><div class=\"fsn-row full-width-row fsn-69e02d92eee9c light\" style=\"background-repeat:repeat;background-position:left top;background-attachment:scroll;background-size:auto;\"><div class=\"container-fluid\"><div class=\"row\"><div class=\"col-sm-4\"><div class=\"fsn-column-inner fsn-69e02d92eeedd light\"><div class=\"fsn-text fsn-69e02d92eeef0\">\n<h3>Forfait Y\u00e4ndata\u2019 (village)<\/h3>\n<ul>\n<li>Visite &#8220;D\u00e9couverte&#8221; qui comprend: la visite comment\u00e9e du <a href=\"http:\/\/tourismewendake.ca\/activites\/activites-culturelles\/musee-huron-wendat\/\">Mus\u00e9e huron-wendat<\/a> et de la maison longue nationale Ekionkiestha&#8217; et la d\u00e9couverte des sites historiques et naturels du Vieux-Wendake<\/li>\n<li>Bi\u00e8re \u00ab\u00a0Kwe\u00a0\u00bb ou eau de rhubarbe \u00e0 la terrasse du restaurant La Traite<\/li>\n<\/ul>\n<h4>Tarifs<\/h4>\n<p>39.99 $ \/ adulte<br \/>\n19.99 $ \/ 5 \u2013 12 ans<br \/>\ngratuit \/ 0-5 ans<br \/>\n<em>Taxes en sus<\/em><\/p>\n<h4>Tarifs sans navette<\/h4>\n<p>29.99 $ \/ adulte<br \/>\n14.99 $ \/ 6 \u2013 12 ans<br \/>\ngratuit \/ 0 &#8211; 5 ans<br \/>\n<em>Taxes en sus<\/em><\/p>\n<p>&nbsp;<\/p>\n<\/div><\/div><\/div><div class=\"col-sm-4\"><div class=\"fsn-column-inner fsn-69e02d92eeef7 light\"><div class=\"fsn-text fsn-69e02d92eef0e\">\n<h3>Forfait Yiheh! (bienvenue)<\/h3>\n<ul>\n<li>Visite comment\u00e9e ou avec audioguide* au <a href=\"http:\/\/tourismewendake.ca\/activites\/activites-culturelles\/musee-huron-wendat\/\">Mus\u00e9e huron-wendat et de la maison longue nationale Ekionkiestha&#8217;<\/a><\/li>\n<li>Repas 3 services au\u00a0<a href=\"http:\/\/tourismewendake.ca\/restaurants\/la-traite\/\">restaurant La Traite<\/a><\/li>\n<\/ul>\n<h4>Tarifs<\/h4>\n<p>59.99 $ \/ adulte<br \/>\n30.99 \/ 5 \u2013 12 ans<br \/>\ngratuit \/ 0-5 ans<br \/>\n<em>Taxes en sus<\/em><\/p>\n<h4>Tarifs sans navette<\/h4>\n<p>49.99 $ \/ adulte<br \/>\n25.99 $ \/ 5 \u2013 12 ans<br \/>\ngratuit \/ 0 &#8211; 5 ans<br \/>\n<em>Taxes en sus<\/em><\/p>\n<p>*Audioguide disponible en fran\u00e7ais, <span style=\"font-size: 1rem;\">anglais, <\/span><span style=\"font-size: 1rem;\">italien, <\/span><span style=\"font-size: 1rem;\">espagnol, <\/span><span style=\"font-size: 1rem;\">allemand, <\/span><span style=\"font-size: 1rem;\">mandarin<\/span><\/p>\n<\/div><\/div><\/div><div class=\"col-sm-4\"><div class=\"fsn-column-inner fsn-69e02d92eef15 light\"><div class=\"fsn-text fsn-69e02d92eef33\">\n<h3>Forfait Kahahchia&#8217; (wow)<\/h3>\n<ul>\n<li>Visite comment\u00e9e ou avec audioguide* au <a href=\"http:\/\/tourismewendake.ca\/activites\/activites-culturelles\/musee-huron-wendat\/\">Mus\u00e9e huron-wendat et de la maison longue nationale Ekionkiestha&#8217;<\/a><\/li>\n<li>Repas 3 services au\u00a0<a href=\"http:\/\/tourismewendake.ca\/restaurants\/la-traite\/\">restaurant La Traite<\/a><\/li>\n<li>Visite du\u00a0<a href=\"http:\/\/www.huron-wendat.qc.ca\/\">Site Traditionnel Huron Onho\u00fca Cherok8e<\/a><\/li>\n<li>Atelier de collier traditionnel<\/li>\n<\/ul>\n<h4>Tarifs<\/h4>\n<p>88.99 $ \/ adulte<br \/>\n52.99 $ \/ 5 \u2013 12 ans<br \/>\ngratuit \/ 0 &#8211; 5 ans<br \/>\n<em>Taxes en sus<\/em><\/p>\n<h4>Tarifs sans navette<\/h4>\n<p>78.99 $ \/ adulte<br \/>\n47.99 $ \/ 5 \u2013 12 ans<br \/>\ngratuit \/ 0 &#8211; 5 ans<br \/>\n<em>Taxes en sus<\/em><\/p>\n<p>*Audioguide disponible en fran\u00e7ais, <span style=\"font-size: 1rem;\">anglais, <\/span><span style=\"font-size: 1rem;\">italien, <\/span><span style=\"font-size: 1rem;\">espagnol, <\/span><span style=\"font-size: 1rem;\">allemand, <\/span><span style=\"font-size: 1rem;\">mandarin<\/span><\/p>\n<\/div><\/div><\/div><\/div><\/div><\/div><div class=\"fsn-row full-width-row fsn-69e02d92eef58 light\" style=\"background-repeat:repeat;background-position:left top;background-attachment:scroll;background-size:auto;\"><div class=\"container-fluid\"><div class=\"row\"><div class=\"col-sm-4\"><div class=\"fsn-column-inner fsn-69e02d92eef7a light\"><div class=\"fsn-text fsn-69e02d92eef8f\">\n<h3>Forfait Ent\u00efio! (magnifique journ\u00e9e)<\/h3>\n<ul>\n<li>Atelier de savoirs traditionnels<\/li>\n<li>Visite comment\u00e9e du Mus\u00e9e huron-wendat et de la maison longue nationale Ekionkiestha&#8217; ou avec audioguide*<\/li>\n<\/ul>\n<h4>Tarifs<\/h4>\n<p>49.99 $ \/ adulte<br \/>\n32.99 $ \/ 5 \u2013 12 ans<br \/>\ngratuit \/ 0-5 ans<br \/>\n<em>Taxes en sus<\/em><\/p>\n<h4>Tarifs sans navette<\/h4>\n<p>38.99 $ \/ adulte<br \/>\n27.99 $ \/ 6 \u2013 12 ans<br \/>\ngratuit \/ 0 &#8211; 5 ans<br \/>\n<em>Taxes en sus<\/em><\/p>\n<p>*Audioguide disponible en fran\u00e7ais, <span style=\"font-size: 1rem;\">anglais, <\/span><span style=\"font-size: 1rem;\">italien, <\/span><span style=\"font-size: 1rem;\">espagnol, <\/span><span style=\"font-size: 1rem;\">allemand, <\/span><span style=\"font-size: 1rem;\">mandarin<\/span><\/p>\n<\/div><\/div><\/div><\/div><\/div><\/div>\n","protected":false},"excerpt":{"rendered":"","protected":false},"author":1,"featured_media":8092,"parent":488,"menu_order":25,"comment_status":"closed","ping_status":"closed","template":"page-templates\/fullwidthpage.php","meta":{"footnotes":""},"class_list":["post-498","page","type-page","status-publish","has-post-thumbnail","hentry"],"_links":{"self":[{"href":"https:\/\/tourismewendake.ca\/it\/wp-json\/wp\/v2\/pages\/498","targetHints":{"allow":["GET"]}}],"collection":[{"href":"https:\/\/tourismewendake.ca\/it\/wp-json\/wp\/v2\/pages"}],"about":[{"href":"https:\/\/tourismewendake.ca\/it\/wp-json\/wp\/v2\/types\/page"}],"author":[{"embeddable":true,"href":"https:\/\/tourismewendake.ca\/it\/wp-json\/wp\/v2\/users\/1"}],"replies":[{"embeddable":true,"href":"https:\/\/tourismewendake.ca\/it\/wp-json\/wp\/v2\/comments?post=498"}],"version-history":[{"count":15,"href":"https:\/\/tourismewendake.ca\/it\/wp-json\/wp\/v2\/pages\/498\/revisions"}],"predecessor-version":[{"id":7395,"href":"https:\/\/tourismewendake.ca\/it\/wp-json\/wp\/v2\/pages\/498\/revisions\/7395"}],"up":[{"embeddable":true,"href":"https:\/\/tourismewendake.ca\/it\/wp-json\/wp\/v2\/pages\/488"}],"wp:featuredmedia":[{"embeddable":true,"href":"https:\/\/tourismewendake.ca\/it\/wp-json\/"}],"wp:attachment":[{"href":"https:\/\/tourismewendake.ca\/it\/wp-json\/wp\/v2\/media?parent=498"}],"curies":[{"name":"wp","href":"https:\/\/api.w.org\/{rel}","templated":true}]}}