{"id":7357,"date":"2020-06-29T15:25:31","date_gmt":"2020-06-29T15:25:31","guid":{"rendered":"https:\/\/tourismewendake.com\/?page_id=7357"},"modified":"2020-06-29T18:06:17","modified_gmt":"2020-06-29T18:06:17","slug":"location-evenement","status":"publish","type":"page","link":"https:\/\/tourismewendake.ca\/zh\/informations\/location-evenement\/","title":{"rendered":"Location \/ \u00c9v\u00e9nement"},"content":{"rendered":"<div class=\"fsn-row full-width-row fsn-69e02da564695 light\" style=\"background-repeat:repeat;background-position:left top;background-attachment:scroll;background-size:auto;\"><div class=\"container-fluid\"><div class=\"row\"><div class=\"col-sm-4\"><div class=\"fsn-column-inner fsn-69e02da5646ee light\"><div class=\"fsn-image fsn-69e02da564c6c align-none\"><img decoding=\"async\" src=\"https:\/\/tourismewendake.ca\/zh\/wp-content\/uploads\/2020\/06\/DSC_1719-960x640.jpg\" width=\"960\" height=\"640\" alt=\"\" class=\"img-responsive img-default\" loading=\"lazy\"><\/div><\/div><\/div><div class=\"col-sm-8\"><div class=\"fsn-column-inner fsn-69e02da564c85 light\"><div class=\"fsn-text fsn-69e02da564cd2\">\n<h2 class=\"p1\"><span class=\"s1\">Location Mus\u00e9e huron-wendat<\/span><\/h2>\n<p>Le mus\u00e9e poss\u00e8de une salle multifonctionnelle hors du commun pouvant s\u2019adapter \u00e0 tous les besoins de r\u00e9union, cocktail ou c\u00e9r\u00e9monie de mariage. Pouvant accueillir jusqu\u2019\u00e0 120 personnes en formule cocktail. La location de cet espace met \u00e0 votre disposition 3 \u00e9crans g\u00e9ants avec projecteurs, la sonorisation, le mobilier ainsi que la pr\u00e9sence de guides interpr\u00e8tes.<\/p>\n<p>Informations<br \/>\nMarie-Andr\u00e9e Boivin<br \/>\n418-847-0624 poste 2009<br \/>\n<a href=\"mailto:mboivin@hotelpremieresnations.ca\">mboivin@hotelpremieresnations.ca<\/a><\/p>\n<\/div><\/div><\/div><\/div><\/div><\/div><div class=\"fsn-row full-width-row fsn-69e02da564ce3 light\" style=\"background-repeat:repeat;background-position:left top;background-attachment:scroll;background-size:auto;\"><div class=\"container-fluid\"><div class=\"row\"><div class=\"col-sm-4\"><div class=\"fsn-column-inner fsn-69e02da564d07 light\"><div class=\"fsn-image fsn-69e02da564e0f align-none\"><img decoding=\"async\" src=\"https:\/\/tourismewendake.ca\/zh\/wp-content\/uploads\/2020\/06\/DSC_1719-960x640.jpg\" width=\"960\" height=\"640\" alt=\"\" class=\"img-responsive img-default\" loading=\"lazy\"><\/div><\/div><\/div><div class=\"col-sm-8\"><div class=\"fsn-column-inner fsn-69e02da564e20 light\"><div class=\"fsn-text fsn-69e02da564e33\">\n<h2 class=\"p1\"><span class=\"s1\">H\u00f4tel-Mus\u00e9e Premi\u00e8res Nations<\/span><\/h2>\n<p>Vous organisez un \u00e9v\u00e9nement remarquable \u00e0 Qu\u00e9bec et cherchez un lieu d\u2019exception ? Offrez-vous un endroit unique qui combine tradition et modernit\u00e9. Nous avons plusieurs salles pouvant accueillir jusqu\u2019\u00e0 250 personnes. Nous pouvons vous offrir des forfaits cl\u00e9s en main incluant gastronomie et activit\u00e9s culturelles.<\/p>\n<p>Informations<br \/>\nMarie-Andr\u00e9e Boivin<br \/>\n418-847-0624 poste 2009<br \/>\n<a href=\"mailto:mboivin@hotelpremieresnations.ca\">mboivin@hotelpremieresnations.ca<\/a><\/p>\n<\/div><\/div><\/div><\/div><\/div><\/div><div class=\"fsn-row full-width-row fsn-69e02da564e3e light\" style=\"background-repeat:repeat;background-position:left top;background-attachment:scroll;background-size:auto;\"><div class=\"container-fluid\"><div class=\"row\"><div class=\"col-sm-4\"><div class=\"fsn-column-inner fsn-69e02da564e56 light\"><div class=\"fsn-image fsn-69e02da565292 align-none\"><img decoding=\"async\" src=\"https:\/\/tourismewendake.ca\/zh\/wp-content\/uploads\/2020\/06\/otq-960x603.jpg\" width=\"960\" height=\"603\" alt=\"\" class=\"img-responsive img-default\" loading=\"lazy\"><\/div><\/div><\/div><div class=\"col-sm-8\"><div class=\"fsn-column-inner fsn-69e02da5652a6 light\"><div class=\"fsn-text fsn-69e02da5652ba\">\n<h2 class=\"p1\"><span class=\"s1\">Bistro 1760<\/span><\/h2>\n<p class=\"p1\"><span class=\"s2\">Situ\u00e9 sur l\u2019art\u00e8re principale de Wendake, le Bistro 1760 peut accueillir jusqu\u2019\u00e0 75 personnes pour un \u00e9v\u00e9nement priv\u00e9.<span class=\"Apple-converted-space\">\u00a0 <\/span>Nous offrons \u00e0 notre client\u00e8le, un service de bar, une sc\u00e8ne pour y produire des spectacles, un endroit tout \u00e0 fait accueillant pour y tenir des r\u00e9unions d\u2019affaires. Une charmante terrasse offrant la vue sur le Cercle de danse de la Nation et sur l\u2019amphith\u00e9\u00e2tre ext\u00e9rieur prolonge le bistro en saison estivale. <\/span><\/p>\n<\/div><\/div><\/div><\/div><\/div><\/div><div class=\"fsn-row full-width-row fsn-69e02da5652cb light\" style=\"background-repeat:repeat;background-position:left top;background-attachment:scroll;background-size:auto;\"><div class=\"container-fluid\"><div class=\"row\"><div class=\"col-sm-4\"><div class=\"fsn-column-inner fsn-69e02da5652f7 light\"><div class=\"fsn-image fsn-69e02da565743 align-none\"><img decoding=\"async\" src=\"https:\/\/tourismewendake.ca\/zh\/wp-content\/uploads\/2020\/06\/Jessika-Robitaille-cre\u0301dit-photo-3-960x640.jpg\" width=\"960\" height=\"640\" alt=\"\" class=\"img-responsive img-default\" loading=\"lazy\"><\/div><\/div><\/div><div class=\"col-sm-8\"><div class=\"fsn-column-inner fsn-69e02da565756 light\"><div class=\"fsn-text fsn-69e02da565780\">\n<h2>Mariage<\/h2>\n<p><em>UN MARIAGE \u00c0 L\u2019H\u00d4TEL-MUS\u00c9E DES PREMI\u00c8RES NATIONS, L\u00c0 O\u00d9 LA RENCONTRE DE L\u2019AUTRE PREND TOUT SON SENS.<\/em><br \/>\nAppr\u00e9cier l\u2019ambiance du feu de foyer, partager un repas gastronomique avec les gens qui vous sont cher en toute intimit\u00e9, profiter du moment pr\u00e9sent, voil\u00e0 ce \u00e0 quoi pourrait ressembler la plus belle journ\u00e9e de votre vie.<\/p>\n<p>Alliant modernit\u00e9 et traditions, l\u2019H\u00f4tel-Mus\u00e9e des Premi\u00e8res Nations propose un d\u00e9cor unique et inspirant en harmonie avec la nature. Vos invit\u00e9s seront accueillis dans un lieu empreint de culture et d\u2019authenticit\u00e9 dans la plus pure tradition Huronne-Wendat.<\/p>\n<p>Que ce soit pour la c\u00e9r\u00e9monie, un cocktail, pour vos photos ou la r\u00e9ception, plusieurs espaces sont mis \u00e0 votre disposition, \u00e0 l\u2019int\u00e9rieur comme \u00e0 l\u2019ext\u00e9rieur :<\/p>\n<ul>\n<li>La Terrasse du Mus\u00e9e<\/li>\n<li>La Terrasse du Restaurant<\/li>\n<li>Les Palissades de la Maison Longue<\/li>\n<li>Le Foyer des salles<\/li>\n<li>Le Mus\u00e9e Huron-Wendat<\/li>\n<li>Salle Wendake<\/li>\n<\/ul>\n<p>Combin\u00e9e au savoir-faire de notre Chef et des saveurs bor\u00e9ales du terroir propre aux Premi\u00e8res Nations, la finesse gastronomique de notre table est d\u2019une qualit\u00e9 incomparable.<\/p>\n<p>Notre \u00e9quipe de sp\u00e9cialiste chevronn\u00e9e se fera un plaisir de vous accompagner dans le processus de planification de votre \u00e9v\u00e9nement, faisant de celui-ci un souvenir pr\u00e9cieux et inoubliable.<\/p>\n<p>Notre engagement envers vous; offrir un cadre enchanteur que vous teindrez par la suite aux couleurs de votre personnalit\u00e9.<\/p>\n<p>Contactez-nous pour conna\u00eetre nos forfaits ou pour une proposition cr\u00e9ative et sur mesure:<br \/>\n<strong>Catherine Doucet<\/strong><br \/>\n(418) 847-0624, ext 2015<br \/>\n<a href=\"mailto:cdoucet@hotelpremieresnations.ca\">cdoucet@hotelpremieresnations.ca<\/a><\/p>\n<\/div><\/div><\/div><\/div><\/div><\/div><div class=\"fsn-row full-width-row fsn-69e02da56578f light\" style=\"background-repeat:repeat;background-position:left top;background-attachment:scroll;background-size:auto;\"><div class=\"container-fluid\"><div class=\"row\"><div class=\"col-sm-4\"><div class=\"fsn-column-inner fsn-69e02da5657a9 light\"><div class=\"fsn-image fsn-69e02da565c05 align-none\"><img decoding=\"async\" src=\"https:\/\/tourismewendake.ca\/zh\/wp-content\/uploads\/2020\/06\/37189671_2079457555641039_6382404187350630400_o-960x640.jpg\" width=\"960\" height=\"640\" alt=\"\" class=\"img-responsive img-default\" loading=\"lazy\"><\/div><\/div><\/div><div class=\"col-sm-8\"><div class=\"fsn-column-inner fsn-69e02da565c1a light\"><div class=\"fsn-text fsn-69e02da565c2e\">\n<h2 class=\"p1\"><span class=\"s1\">Amphith\u00e9\u00e2tre ext\u00e9rieur couvert<\/span><\/h2>\n<p class=\"p1\"><span class=\"s1\">Pourquoi ne pas organiser un \u00e9v\u00e9nement majeur ou plus de 484 personnes peuvent y assister. De par sa localisation, tout pr\u00e8s de la rivi\u00e8re Akiawenrahk\u2019 de par la possibilit\u00e9 de transmission simultan\u00e9e de votre spectacle sur les ondes de la radio CIHW 100,3, cet endroit unique sera faire de votre \u00e9v\u00e9nement, un \u00e9v\u00e9nement m\u00e9morable et des plus r\u00e9ussi !<\/span><\/p>\n<\/div><\/div><\/div><\/div><\/div><\/div><div class=\"fsn-row full-width-row fsn-69e02da565c3b light\" style=\"background-repeat:repeat;background-position:left top;background-attachment:scroll;background-size:auto;\"><div class=\"container-fluid\"><div class=\"row\"><div class=\"col-sm-6\"><div class=\"fsn-column-inner fsn-69e02da565cb0 light\"><div class=\"fsn-text fsn-69e02da565ccd\">\n<h2>Salle Kondiaronk<\/h2>\n<p>Vous cherchez un endroit o\u00f9 c\u00e9l\u00e9brer votre r\u00e9union familiale, r\u00e9ception de mariage, soir\u00e9e dansante ou anniversaire, la salle Kondiaronk pourrait convenir \u00e0 votre \u00e9v\u00e9nement !<\/p>\n<p><strong>Capacit\u00e9 :<\/strong> 120 personnes<br \/>\n<strong>Dimension de la salle :<\/strong> 47.5 pi X 36 pi<br \/>\n<strong>Dimension de la petite sc\u00e8ne :<\/strong> 22.5 pi X 15 pi<\/p>\n<p><em>Incluant\u00a0:<\/em><\/p>\n<ul>\n<li>34 tables rectangulaires (8 \u00e0 10 personnes)<\/li>\n<li>2 tables carr\u00e9es pour 6 personnes<\/li>\n<li>1 table de service \u00e0 l\u2019avant<\/li>\n<li>120 chaises<\/li>\n<li>R\u00e9frig\u00e9rateur<\/li>\n<li>Po\u00eale<\/li>\n<li>Micro-ondes<\/li>\n<li>\u00c9vier<\/li>\n<li>Bac de recyclage et poubelle<\/li>\n<li>Prix avantageux pour les membres de la Nation huronne-wendat.<\/li>\n<\/ul>\n<p><strong>Information :<\/strong> 418-847-1835 poste 2038<br \/>\n83, boulevard Bastien<br \/>\nWendake (Qu\u00e9bec)<br \/>\nG0A 4V0<\/p>\n<\/div><\/div><\/div><div class=\"col-sm-6\"><div class=\"fsn-column-inner fsn-69e02da565cd6 light\"><div class=\"fsn-text fsn-69e02da565ce7\">\n<p><img loading=\"lazy\" decoding=\"async\" class=\"aligncenter wp-image-7375 size-full\" src=\"https:\/\/tourismewendake.com\/wp-content\/uploads\/sites\/6\/2020\/06\/Socca.jpg\" alt=\"\" width=\"1600\" height=\"752\" srcset=\"https:\/\/tourismewendake.ca\/zh\/wp-content\/uploads\/sites\/6\/2020\/06\/Socca.jpg 1600w, https:\/\/tourismewendake.ca\/zh\/wp-content\/uploads\/sites\/6\/2020\/06\/Socca-300x141.jpg 300w, https:\/\/tourismewendake.ca\/zh\/wp-content\/uploads\/sites\/6\/2020\/06\/Socca-768x361.jpg 768w, https:\/\/tourismewendake.ca\/zh\/wp-content\/uploads\/sites\/6\/2020\/06\/Socca-1024x481.jpg 1024w, https:\/\/tourismewendake.ca\/zh\/wp-content\/uploads\/sites\/6\/2020\/06\/Socca-640x301.jpg 640w, https:\/\/tourismewendake.ca\/zh\/wp-content\/uploads\/sites\/6\/2020\/06\/Socca-948x446.jpg 948w\" sizes=\"auto, (max-width: 1600px) 100vw, 1600px\" \/><\/p>\n<h2>Salle communautaire SOCCA<\/h2>\n<p><strong>COMPLEXE SPORTIF<\/strong><br \/>\nCapacit\u00e9 de 290 personnes\/people<br \/>\n100, rue Grand Chef Thonnakona, Wendake, G0A 4V0<\/p>\n<p><strong>Informations\u00a0:<\/strong><br \/>\n418-847-0774<br \/>\n<a href=\"http:\/\/cswendake.com\" target=\"_blank\" rel=\"noopener noreferrer\">cswendake.com<\/a><\/p>\n<\/div><\/div><\/div><\/div><\/div><\/div>\n","protected":false},"excerpt":{"rendered":"","protected":false},"author":1,"featured_media":0,"parent":488,"menu_order":2,"comment_status":"closed","ping_status":"closed","template":"page-templates\/fullwidthpage.php","meta":{"footnotes":""},"class_list":["post-7357","page","type-page","status-publish","hentry"],"_links":{"self":[{"href":"https:\/\/tourismewendake.ca\/zh\/wp-json\/wp\/v2\/pages\/7357","targetHints":{"allow":["GET"]}}],"collection":[{"href":"https:\/\/tourismewendake.ca\/zh\/wp-json\/wp\/v2\/pages"}],"about":[{"href":"https:\/\/tourismewendake.ca\/zh\/wp-json\/wp\/v2\/types\/page"}],"author":[{"embeddable":true,"href":"https:\/\/tourismewendake.ca\/zh\/wp-json\/wp\/v2\/users\/1"}],"replies":[{"embeddable":true,"href":"https:\/\/tourismewendake.ca\/zh\/wp-json\/wp\/v2\/comments?post=7357"}],"version-history":[{"count":11,"href":"https:\/\/tourismewendake.ca\/zh\/wp-json\/wp\/v2\/pages\/7357\/revisions"}],"predecessor-version":[{"id":7376,"href":"https:\/\/tourismewendake.ca\/zh\/wp-json\/wp\/v2\/pages\/7357\/revisions\/7376"}],"up":[{"embeddable":true,"href":"https:\/\/tourismewendake.ca\/zh\/wp-json\/wp\/v2\/pages\/488"}],"wp:attachment":[{"href":"https:\/\/tourismewendake.ca\/zh\/wp-json\/wp\/v2\/media?parent=7357"}],"curies":[{"name":"wp","href":"https:\/\/api.w.org\/{rel}","templated":true}]}}